{"id":596,"date":"2018-06-04T11:08:59","date_gmt":"2018-06-04T09:08:59","guid":{"rendered":"https:\/\/www.chateau-de-druon.com\/nos-chambres\/596\/"},"modified":"2020-10-26T12:31:06","modified_gmt":"2020-10-26T11:31:06","slug":"chambre-empire","status":"publish","type":"product","link":"https:\/\/www.chateau-de-druon.com\/en\/our-rooms\/chambre-empire\/","title":{"rendered":"Chambre Empire"},"content":{"rendered":"<p>Situated on the first floor this large 27 m2 room has a Queen size double bed, an independant bathroom with shower and separate toilets located in a tower.<\/p>\n<p>Four large windows , overviewing the beautiful park and offering a magnifiscent view on the Pic du Midi d&#8217;Ossau.<\/p>\n<p>This room has been furnished with special care , in the first Empire style, with &#8220;return of Egypt&#8221; consols, beautiful paintings and yet the comfort of the latest technology.<\/p>\n<h3>Equipments :<\/h3>\n<ul>\n<li>1 Queen size doyuble bed, 160 x 200 cm<\/li>\n<li>Independant bathroom with shower<\/li>\n<li>Hair dryer<\/li>\n<li>Separate toilets<\/li>\n<li>Towels<\/li>\n<li>Refrigerator<\/li>\n<li>Courtesy tray<\/li>\n<li>Nespresso Coffee machine and kettle<\/li>\n<li>Safe deposit box<\/li>\n<li>View over the park and mountains<\/li>\n<li>Google Smart Speaker<\/li>\n<li>Flat-screen satellite TV<\/li>\n<li>Free Internet and Wifi<\/li>\n<\/ul>\n<h3 style=\"text-align: justify;\">Rates :<\/h3>\n<ul>\n<li>130 \u20ac per room and per night for 1 or 2 persons, breakfast included<\/li>\n<\/ul>\n","protected":false},"excerpt":{"rendered":"<p>Situated on the first floor this large 27 m2 room has a Queen size double bed, an independant bathroom with shower and separate toilets located in a tower. Four large windows , overviewing the beautiful park and offering a magnifiscent view on the Pic du Midi d&#8217;Ossau. This room has been furnished with special care&hellip;<\/p>\n","protected":false},"featured_media":597,"template":"","meta":{"_acf_changed":false},"product_brand":[],"product_cat":[45],"product_tag":[],"class_list":{"0":"post-596","1":"product","2":"type-product","3":"status-publish","4":"has-post-thumbnail","6":"product_cat-rooms-en","8":"first","9":"instock","10":"virtual","11":"taxable","12":"product-type-simple"},"acf":[],"yoast_head":"<!-- This site is optimized with the Yoast SEO plugin v27.5 - https:\/\/yoast.com\/product\/yoast-seo-wordpress\/ -->\n<title>Chambre d&#039;h\u00f4tes Empire au Ch\u00e2teau de Druon<\/title>\n<meta name=\"description\" content=\"R\u00e9servez une chambre d&#039;h\u00f4tes d&#039;exception au Ch\u00e2teau, des prestations haut de gamme, avec vue sur le Pic du Midi d&#039;Ossau.\" \/>\n<meta name=\"robots\" content=\"index, follow, max-snippet:-1, max-image-preview:large, max-video-preview:-1\" \/>\n<link rel=\"canonical\" href=\"https:\/\/www.chateau-de-druon.com\/en\/our-rooms\/chambre-empire\/\" \/>\n<meta property=\"og:locale\" content=\"en_US\" \/>\n<meta property=\"og:type\" content=\"article\" \/>\n<meta property=\"og:title\" content=\"Chambre d&#039;h\u00f4tes Empire au Ch\u00e2teau de Druon\" \/>\n<meta property=\"og:description\" content=\"R\u00e9servez une chambre d&#039;h\u00f4tes d&#039;exception au Ch\u00e2teau, des prestations haut de gamme, avec vue sur le Pic du Midi d&#039;Ossau.\" \/>\n<meta property=\"og:url\" content=\"https:\/\/www.chateau-de-druon.com\/en\/our-rooms\/chambre-empire\/\" \/>\n<meta property=\"og:site_name\" content=\"Ch\u00e2teau De Druon\" \/>\n<meta property=\"article:modified_time\" content=\"2020-10-26T11:31:06+00:00\" \/>\n<meta property=\"og:image\" content=\"https:\/\/www.chateau-de-druon.com\/wp-content\/uploads\/2018\/06\/Chateau-Druon-Chambre-Empire-1.jpg\" \/>\n\t<meta property=\"og:image:width\" content=\"2800\" \/>\n\t<meta property=\"og:image:height\" content=\"669\" \/>\n\t<meta property=\"og:image:type\" content=\"image\/jpeg\" \/>\n<meta name=\"twitter:card\" content=\"summary_large_image\" \/>\n<meta name=\"twitter:label1\" content=\"Est. reading time\" \/>\n\t<meta name=\"twitter:data1\" content=\"1 minute\" \/>\n<script type=\"application\/ld+json\" class=\"yoast-schema-graph\">{\"@context\":\"https:\\\/\\\/schema.org\",\"@graph\":[{\"@type\":\"WebPage\",\"@id\":\"https:\\\/\\\/www.chateau-de-druon.com\\\/en\\\/our-rooms\\\/chambre-empire\\\/\",\"url\":\"https:\\\/\\\/www.chateau-de-druon.com\\\/en\\\/our-rooms\\\/chambre-empire\\\/\",\"name\":\"Chambre d'h\u00f4tes Empire au Ch\u00e2teau de Druon\",\"isPartOf\":{\"@id\":\"https:\\\/\\\/www.chateau-de-druon.com\\\/#website\"},\"primaryImageOfPage\":{\"@id\":\"https:\\\/\\\/www.chateau-de-druon.com\\\/en\\\/our-rooms\\\/chambre-empire\\\/#primaryimage\"},\"image\":{\"@id\":\"https:\\\/\\\/www.chateau-de-druon.com\\\/en\\\/our-rooms\\\/chambre-empire\\\/#primaryimage\"},\"thumbnailUrl\":\"https:\\\/\\\/www.chateau-de-druon.com\\\/wp-content\\\/uploads\\\/2018\\\/06\\\/Chateau-Druon-Chambre-Empire-1.jpg\",\"datePublished\":\"2018-06-04T09:08:59+00:00\",\"dateModified\":\"2020-10-26T11:31:06+00:00\",\"description\":\"R\u00e9servez une chambre d'h\u00f4tes d'exception au Ch\u00e2teau, des prestations haut de gamme, avec vue sur le Pic du Midi d'Ossau.\",\"breadcrumb\":{\"@id\":\"https:\\\/\\\/www.chateau-de-druon.com\\\/en\\\/our-rooms\\\/chambre-empire\\\/#breadcrumb\"},\"inLanguage\":\"en-US\",\"potentialAction\":[{\"@type\":\"ReadAction\",\"target\":[\"https:\\\/\\\/www.chateau-de-druon.com\\\/en\\\/our-rooms\\\/chambre-empire\\\/\"]}]},{\"@type\":\"ImageObject\",\"inLanguage\":\"en-US\",\"@id\":\"https:\\\/\\\/www.chateau-de-druon.com\\\/en\\\/our-rooms\\\/chambre-empire\\\/#primaryimage\",\"url\":\"https:\\\/\\\/www.chateau-de-druon.com\\\/wp-content\\\/uploads\\\/2018\\\/06\\\/Chateau-Druon-Chambre-Empire-1.jpg\",\"contentUrl\":\"https:\\\/\\\/www.chateau-de-druon.com\\\/wp-content\\\/uploads\\\/2018\\\/06\\\/Chateau-Druon-Chambre-Empire-1.jpg\",\"width\":2800,\"height\":669},{\"@type\":\"BreadcrumbList\",\"@id\":\"https:\\\/\\\/www.chateau-de-druon.com\\\/en\\\/our-rooms\\\/chambre-empire\\\/#breadcrumb\",\"itemListElement\":[{\"@type\":\"ListItem\",\"position\":1,\"name\":\"Accueil\",\"item\":\"https:\\\/\\\/www.chateau-de-druon.com\\\/en\\\/\"},{\"@type\":\"ListItem\",\"position\":2,\"name\":\"R\u00e9servation\",\"item\":\"https:\\\/\\\/www.chateau-de-druon.com\\\/reservation\\\/\"},{\"@type\":\"ListItem\",\"position\":3,\"name\":\"Chambre Empire\"}]},{\"@type\":\"WebSite\",\"@id\":\"https:\\\/\\\/www.chateau-de-druon.com\\\/#website\",\"url\":\"https:\\\/\\\/www.chateau-de-druon.com\\\/\",\"name\":\"Ch\u00e2teau De Druon\",\"description\":\"Chambre d&#039;h\u00f4tes au Ch\u00e2teau | Vall\u00e9e d&#039;Ossau | Pyr\u00e9n\u00e9es-Atlantiques\",\"publisher\":{\"@id\":\"https:\\\/\\\/www.chateau-de-druon.com\\\/#organization\"},\"potentialAction\":[{\"@type\":\"SearchAction\",\"target\":{\"@type\":\"EntryPoint\",\"urlTemplate\":\"https:\\\/\\\/www.chateau-de-druon.com\\\/?s={search_term_string}\"},\"query-input\":{\"@type\":\"PropertyValueSpecification\",\"valueRequired\":true,\"valueName\":\"search_term_string\"}}],\"inLanguage\":\"en-US\"},{\"@type\":\"Organization\",\"@id\":\"https:\\\/\\\/www.chateau-de-druon.com\\\/#organization\",\"name\":\"Ch\u00e2teau de Druon\",\"url\":\"https:\\\/\\\/www.chateau-de-druon.com\\\/\",\"logo\":{\"@type\":\"ImageObject\",\"inLanguage\":\"en-US\",\"@id\":\"https:\\\/\\\/www.chateau-de-druon.com\\\/#\\\/schema\\\/logo\\\/image\\\/\",\"url\":\"https:\\\/\\\/www.chateau-de-druon.com\\\/wp-content\\\/uploads\\\/2018\\\/05\\\/logo-footer.png\",\"contentUrl\":\"https:\\\/\\\/www.chateau-de-druon.com\\\/wp-content\\\/uploads\\\/2018\\\/05\\\/logo-footer.png\",\"width\":331,\"height\":248,\"caption\":\"Ch\u00e2teau de Druon\"},\"image\":{\"@id\":\"https:\\\/\\\/www.chateau-de-druon.com\\\/#\\\/schema\\\/logo\\\/image\\\/\"}}]}<\/script>\n<!-- \/ Yoast SEO plugin. -->","yoast_head_json":{"title":"Chambre d'h\u00f4tes Empire au Ch\u00e2teau de Druon","description":"R\u00e9servez une chambre d'h\u00f4tes d'exception au Ch\u00e2teau, des prestations haut de gamme, avec vue sur le Pic du Midi d'Ossau.","robots":{"index":"index","follow":"follow","max-snippet":"max-snippet:-1","max-image-preview":"max-image-preview:large","max-video-preview":"max-video-preview:-1"},"canonical":"https:\/\/www.chateau-de-druon.com\/en\/our-rooms\/chambre-empire\/","og_locale":"en_US","og_type":"article","og_title":"Chambre d'h\u00f4tes Empire au Ch\u00e2teau de Druon","og_description":"R\u00e9servez une chambre d'h\u00f4tes d'exception au Ch\u00e2teau, des prestations haut de gamme, avec vue sur le Pic du Midi d'Ossau.","og_url":"https:\/\/www.chateau-de-druon.com\/en\/our-rooms\/chambre-empire\/","og_site_name":"Ch\u00e2teau De Druon","article_modified_time":"2020-10-26T11:31:06+00:00","og_image":[{"width":2800,"height":669,"url":"https:\/\/www.chateau-de-druon.com\/wp-content\/uploads\/2018\/06\/Chateau-Druon-Chambre-Empire-1.jpg","type":"image\/jpeg"}],"twitter_card":"summary_large_image","twitter_misc":{"Est. reading time":"1 minute"},"schema":{"@context":"https:\/\/schema.org","@graph":[{"@type":"WebPage","@id":"https:\/\/www.chateau-de-druon.com\/en\/our-rooms\/chambre-empire\/","url":"https:\/\/www.chateau-de-druon.com\/en\/our-rooms\/chambre-empire\/","name":"Chambre d'h\u00f4tes Empire au Ch\u00e2teau de Druon","isPartOf":{"@id":"https:\/\/www.chateau-de-druon.com\/#website"},"primaryImageOfPage":{"@id":"https:\/\/www.chateau-de-druon.com\/en\/our-rooms\/chambre-empire\/#primaryimage"},"image":{"@id":"https:\/\/www.chateau-de-druon.com\/en\/our-rooms\/chambre-empire\/#primaryimage"},"thumbnailUrl":"https:\/\/www.chateau-de-druon.com\/wp-content\/uploads\/2018\/06\/Chateau-Druon-Chambre-Empire-1.jpg","datePublished":"2018-06-04T09:08:59+00:00","dateModified":"2020-10-26T11:31:06+00:00","description":"R\u00e9servez une chambre d'h\u00f4tes d'exception au Ch\u00e2teau, des prestations haut de gamme, avec vue sur le Pic du Midi d'Ossau.","breadcrumb":{"@id":"https:\/\/www.chateau-de-druon.com\/en\/our-rooms\/chambre-empire\/#breadcrumb"},"inLanguage":"en-US","potentialAction":[{"@type":"ReadAction","target":["https:\/\/www.chateau-de-druon.com\/en\/our-rooms\/chambre-empire\/"]}]},{"@type":"ImageObject","inLanguage":"en-US","@id":"https:\/\/www.chateau-de-druon.com\/en\/our-rooms\/chambre-empire\/#primaryimage","url":"https:\/\/www.chateau-de-druon.com\/wp-content\/uploads\/2018\/06\/Chateau-Druon-Chambre-Empire-1.jpg","contentUrl":"https:\/\/www.chateau-de-druon.com\/wp-content\/uploads\/2018\/06\/Chateau-Druon-Chambre-Empire-1.jpg","width":2800,"height":669},{"@type":"BreadcrumbList","@id":"https:\/\/www.chateau-de-druon.com\/en\/our-rooms\/chambre-empire\/#breadcrumb","itemListElement":[{"@type":"ListItem","position":1,"name":"Accueil","item":"https:\/\/www.chateau-de-druon.com\/en\/"},{"@type":"ListItem","position":2,"name":"R\u00e9servation","item":"https:\/\/www.chateau-de-druon.com\/reservation\/"},{"@type":"ListItem","position":3,"name":"Chambre Empire"}]},{"@type":"WebSite","@id":"https:\/\/www.chateau-de-druon.com\/#website","url":"https:\/\/www.chateau-de-druon.com\/","name":"Ch\u00e2teau De Druon","description":"Chambre d&#039;h\u00f4tes au Ch\u00e2teau | Vall\u00e9e d&#039;Ossau | Pyr\u00e9n\u00e9es-Atlantiques","publisher":{"@id":"https:\/\/www.chateau-de-druon.com\/#organization"},"potentialAction":[{"@type":"SearchAction","target":{"@type":"EntryPoint","urlTemplate":"https:\/\/www.chateau-de-druon.com\/?s={search_term_string}"},"query-input":{"@type":"PropertyValueSpecification","valueRequired":true,"valueName":"search_term_string"}}],"inLanguage":"en-US"},{"@type":"Organization","@id":"https:\/\/www.chateau-de-druon.com\/#organization","name":"Ch\u00e2teau de Druon","url":"https:\/\/www.chateau-de-druon.com\/","logo":{"@type":"ImageObject","inLanguage":"en-US","@id":"https:\/\/www.chateau-de-druon.com\/#\/schema\/logo\/image\/","url":"https:\/\/www.chateau-de-druon.com\/wp-content\/uploads\/2018\/05\/logo-footer.png","contentUrl":"https:\/\/www.chateau-de-druon.com\/wp-content\/uploads\/2018\/05\/logo-footer.png","width":331,"height":248,"caption":"Ch\u00e2teau de Druon"},"image":{"@id":"https:\/\/www.chateau-de-druon.com\/#\/schema\/logo\/image\/"}}]}},"_links":{"self":[{"href":"https:\/\/www.chateau-de-druon.com\/en\/wp-json\/wp\/v2\/product\/596","targetHints":{"allow":["GET"]}}],"collection":[{"href":"https:\/\/www.chateau-de-druon.com\/en\/wp-json\/wp\/v2\/product"}],"about":[{"href":"https:\/\/www.chateau-de-druon.com\/en\/wp-json\/wp\/v2\/types\/product"}],"wp:featuredmedia":[{"embeddable":true,"href":"https:\/\/www.chateau-de-druon.com\/en\/wp-json\/wp\/v2\/media\/597"}],"wp:attachment":[{"href":"https:\/\/www.chateau-de-druon.com\/en\/wp-json\/wp\/v2\/media?parent=596"}],"wp:term":[{"taxonomy":"product_brand","embeddable":true,"href":"https:\/\/www.chateau-de-druon.com\/en\/wp-json\/wp\/v2\/product_brand?post=596"},{"taxonomy":"product_cat","embeddable":true,"href":"https:\/\/www.chateau-de-druon.com\/en\/wp-json\/wp\/v2\/product_cat?post=596"},{"taxonomy":"product_tag","embeddable":true,"href":"https:\/\/www.chateau-de-druon.com\/en\/wp-json\/wp\/v2\/product_tag?post=596"}],"curies":[{"name":"wp","href":"https:\/\/api.w.org\/{rel}","templated":true}]}}