{"id":594,"date":"2018-06-28T12:37:12","date_gmt":"2018-06-28T10:37:12","guid":{"rendered":"https:\/\/www.chateau-de-druon.com\/nos-chambres\/594\/"},"modified":"2020-10-26T12:30:51","modified_gmt":"2020-10-26T11:30:51","slug":"chambre-coeur","status":"publish","type":"product","link":"https:\/\/www.chateau-de-druon.com\/en\/our-rooms\/chambre-coeur\/","title":{"rendered":"Chambre C\u0153ur"},"content":{"rendered":"<p>On the second floor, this 21m\u00b2 room is equipped with a Queen size bed , an independant large bathroom with shower and separate toilets.<\/p>\n<p>Wood and stones are everywhere in this room which brings\u00a0 a very warm and comfortable feeling.<\/p>\n<h3 style=\"text-align: justify;\">Equipments :<\/h3>\n<ul>\n<li class=\"\">1 Queen size double bed, 160 x 200 cm<\/li>\n<li class=\"\">Independant bathroom with shower<\/li>\n<li class=\"\">Hair dryer<\/li>\n<li class=\"\">Separate toilets<\/li>\n<li class=\"\">Towels<\/li>\n<li class=\"\">Courtesy tray<\/li>\n<li class=\"\">Kettle<\/li>\n<li>Safe deposit box<\/li>\n<li>Google Smart Speaker<\/li>\n<li class=\"\">Flat-screen satellite TV<\/li>\n<li class=\"\">Free Inetrnet and Wifi<\/li>\n<li class=\"\">Air conditioned<\/li>\n<\/ul>\n<h3>Rates:<\/h3>\n<ul>\n<li>80 \u20ac per night and per room, breakfast included<\/li>\n<\/ul>\n","protected":false},"excerpt":{"rendered":"<p>On the second floor, this 21m\u00b2 room is equipped with a Queen size bed , an independant large bathroom with shower and separate toilets. Wood and stones are everywhere in this room which brings\u00a0 a very warm and comfortable feeling. Equipments : 1 Queen size double bed, 160 x 200 cm Independant bathroom with shower&hellip;<\/p>\n","protected":false},"featured_media":595,"template":"","meta":{"_acf_changed":false},"product_brand":[],"product_cat":[45],"product_tag":[],"class_list":{"0":"post-594","1":"product","2":"type-product","3":"status-publish","4":"has-post-thumbnail","6":"product_cat-rooms-en","8":"first","9":"instock","10":"virtual","11":"taxable","12":"product-type-simple"},"acf":[],"yoast_head":"<!-- This site is optimized with the Yoast SEO plugin v27.5 - https:\/\/yoast.com\/product\/yoast-seo-wordpress\/ -->\n<title>Chambre Coeur au Ch\u00e2teau de Druon - Pyr\u00e9n\u00e9es -64<\/title>\n<meta name=\"description\" content=\"La chambre d&#039;h\u00f4tes Coeur, avec sa d\u00e9coration en bois et en pierre, vous offre une ambiance de montagne chaleureuse.\" \/>\n<meta name=\"robots\" content=\"index, follow, max-snippet:-1, max-image-preview:large, max-video-preview:-1\" \/>\n<link rel=\"canonical\" href=\"https:\/\/www.chateau-de-druon.com\/en\/our-rooms\/chambre-coeur\/\" \/>\n<meta property=\"og:locale\" content=\"en_US\" \/>\n<meta property=\"og:type\" content=\"article\" \/>\n<meta property=\"og:title\" content=\"Chambre Coeur au Ch\u00e2teau de Druon - Pyr\u00e9n\u00e9es -64\" \/>\n<meta property=\"og:description\" content=\"La chambre d&#039;h\u00f4tes Coeur, avec sa d\u00e9coration en bois et en pierre, vous offre une ambiance de montagne chaleureuse.\" \/>\n<meta property=\"og:url\" content=\"https:\/\/www.chateau-de-druon.com\/en\/our-rooms\/chambre-coeur\/\" \/>\n<meta property=\"og:site_name\" content=\"Ch\u00e2teau De Druon\" \/>\n<meta property=\"article:modified_time\" content=\"2020-10-26T11:30:51+00:00\" \/>\n<meta property=\"og:image\" content=\"https:\/\/www.chateau-de-druon.com\/wp-content\/uploads\/2018\/06\/Chateau-Druon-Chambre-Coeur-7.jpg\" \/>\n\t<meta property=\"og:image:width\" content=\"2800\" \/>\n\t<meta property=\"og:image:height\" content=\"737\" \/>\n\t<meta property=\"og:image:type\" content=\"image\/jpeg\" \/>\n<meta name=\"twitter:card\" content=\"summary_large_image\" \/>\n<script type=\"application\/ld+json\" class=\"yoast-schema-graph\">{\"@context\":\"https:\\\/\\\/schema.org\",\"@graph\":[{\"@type\":\"WebPage\",\"@id\":\"https:\\\/\\\/www.chateau-de-druon.com\\\/en\\\/our-rooms\\\/chambre-coeur\\\/\",\"url\":\"https:\\\/\\\/www.chateau-de-druon.com\\\/en\\\/our-rooms\\\/chambre-coeur\\\/\",\"name\":\"Chambre Coeur au Ch\u00e2teau de Druon - Pyr\u00e9n\u00e9es -64\",\"isPartOf\":{\"@id\":\"https:\\\/\\\/www.chateau-de-druon.com\\\/#website\"},\"primaryImageOfPage\":{\"@id\":\"https:\\\/\\\/www.chateau-de-druon.com\\\/en\\\/our-rooms\\\/chambre-coeur\\\/#primaryimage\"},\"image\":{\"@id\":\"https:\\\/\\\/www.chateau-de-druon.com\\\/en\\\/our-rooms\\\/chambre-coeur\\\/#primaryimage\"},\"thumbnailUrl\":\"https:\\\/\\\/www.chateau-de-druon.com\\\/wp-content\\\/uploads\\\/2018\\\/06\\\/Chateau-Druon-Chambre-Coeur-7.jpg\",\"datePublished\":\"2018-06-28T10:37:12+00:00\",\"dateModified\":\"2020-10-26T11:30:51+00:00\",\"description\":\"La chambre d'h\u00f4tes Coeur, avec sa d\u00e9coration en bois et en pierre, vous offre une ambiance de montagne chaleureuse.\",\"breadcrumb\":{\"@id\":\"https:\\\/\\\/www.chateau-de-druon.com\\\/en\\\/our-rooms\\\/chambre-coeur\\\/#breadcrumb\"},\"inLanguage\":\"en-US\",\"potentialAction\":[{\"@type\":\"ReadAction\",\"target\":[\"https:\\\/\\\/www.chateau-de-druon.com\\\/en\\\/our-rooms\\\/chambre-coeur\\\/\"]}]},{\"@type\":\"ImageObject\",\"inLanguage\":\"en-US\",\"@id\":\"https:\\\/\\\/www.chateau-de-druon.com\\\/en\\\/our-rooms\\\/chambre-coeur\\\/#primaryimage\",\"url\":\"https:\\\/\\\/www.chateau-de-druon.com\\\/wp-content\\\/uploads\\\/2018\\\/06\\\/Chateau-Druon-Chambre-Coeur-7.jpg\",\"contentUrl\":\"https:\\\/\\\/www.chateau-de-druon.com\\\/wp-content\\\/uploads\\\/2018\\\/06\\\/Chateau-Druon-Chambre-Coeur-7.jpg\",\"width\":2800,\"height\":737},{\"@type\":\"BreadcrumbList\",\"@id\":\"https:\\\/\\\/www.chateau-de-druon.com\\\/en\\\/our-rooms\\\/chambre-coeur\\\/#breadcrumb\",\"itemListElement\":[{\"@type\":\"ListItem\",\"position\":1,\"name\":\"Accueil\",\"item\":\"https:\\\/\\\/www.chateau-de-druon.com\\\/en\\\/\"},{\"@type\":\"ListItem\",\"position\":2,\"name\":\"R\u00e9servation\",\"item\":\"https:\\\/\\\/www.chateau-de-druon.com\\\/reservation\\\/\"},{\"@type\":\"ListItem\",\"position\":3,\"name\":\"Chambre C\u0153ur\"}]},{\"@type\":\"WebSite\",\"@id\":\"https:\\\/\\\/www.chateau-de-druon.com\\\/#website\",\"url\":\"https:\\\/\\\/www.chateau-de-druon.com\\\/\",\"name\":\"Ch\u00e2teau De Druon\",\"description\":\"Chambre d&#039;h\u00f4tes au Ch\u00e2teau | Vall\u00e9e d&#039;Ossau | Pyr\u00e9n\u00e9es-Atlantiques\",\"publisher\":{\"@id\":\"https:\\\/\\\/www.chateau-de-druon.com\\\/#organization\"},\"potentialAction\":[{\"@type\":\"SearchAction\",\"target\":{\"@type\":\"EntryPoint\",\"urlTemplate\":\"https:\\\/\\\/www.chateau-de-druon.com\\\/?s={search_term_string}\"},\"query-input\":{\"@type\":\"PropertyValueSpecification\",\"valueRequired\":true,\"valueName\":\"search_term_string\"}}],\"inLanguage\":\"en-US\"},{\"@type\":\"Organization\",\"@id\":\"https:\\\/\\\/www.chateau-de-druon.com\\\/#organization\",\"name\":\"Ch\u00e2teau de Druon\",\"url\":\"https:\\\/\\\/www.chateau-de-druon.com\\\/\",\"logo\":{\"@type\":\"ImageObject\",\"inLanguage\":\"en-US\",\"@id\":\"https:\\\/\\\/www.chateau-de-druon.com\\\/#\\\/schema\\\/logo\\\/image\\\/\",\"url\":\"https:\\\/\\\/www.chateau-de-druon.com\\\/wp-content\\\/uploads\\\/2018\\\/05\\\/logo-footer.png\",\"contentUrl\":\"https:\\\/\\\/www.chateau-de-druon.com\\\/wp-content\\\/uploads\\\/2018\\\/05\\\/logo-footer.png\",\"width\":331,\"height\":248,\"caption\":\"Ch\u00e2teau de Druon\"},\"image\":{\"@id\":\"https:\\\/\\\/www.chateau-de-druon.com\\\/#\\\/schema\\\/logo\\\/image\\\/\"}}]}<\/script>\n<!-- \/ Yoast SEO plugin. -->","yoast_head_json":{"title":"Chambre Coeur au Ch\u00e2teau de Druon - Pyr\u00e9n\u00e9es -64","description":"La chambre d'h\u00f4tes Coeur, avec sa d\u00e9coration en bois et en pierre, vous offre une ambiance de montagne chaleureuse.","robots":{"index":"index","follow":"follow","max-snippet":"max-snippet:-1","max-image-preview":"max-image-preview:large","max-video-preview":"max-video-preview:-1"},"canonical":"https:\/\/www.chateau-de-druon.com\/en\/our-rooms\/chambre-coeur\/","og_locale":"en_US","og_type":"article","og_title":"Chambre Coeur au Ch\u00e2teau de Druon - Pyr\u00e9n\u00e9es -64","og_description":"La chambre d'h\u00f4tes Coeur, avec sa d\u00e9coration en bois et en pierre, vous offre une ambiance de montagne chaleureuse.","og_url":"https:\/\/www.chateau-de-druon.com\/en\/our-rooms\/chambre-coeur\/","og_site_name":"Ch\u00e2teau De Druon","article_modified_time":"2020-10-26T11:30:51+00:00","og_image":[{"width":2800,"height":737,"url":"https:\/\/www.chateau-de-druon.com\/wp-content\/uploads\/2018\/06\/Chateau-Druon-Chambre-Coeur-7.jpg","type":"image\/jpeg"}],"twitter_card":"summary_large_image","schema":{"@context":"https:\/\/schema.org","@graph":[{"@type":"WebPage","@id":"https:\/\/www.chateau-de-druon.com\/en\/our-rooms\/chambre-coeur\/","url":"https:\/\/www.chateau-de-druon.com\/en\/our-rooms\/chambre-coeur\/","name":"Chambre Coeur au Ch\u00e2teau de Druon - Pyr\u00e9n\u00e9es -64","isPartOf":{"@id":"https:\/\/www.chateau-de-druon.com\/#website"},"primaryImageOfPage":{"@id":"https:\/\/www.chateau-de-druon.com\/en\/our-rooms\/chambre-coeur\/#primaryimage"},"image":{"@id":"https:\/\/www.chateau-de-druon.com\/en\/our-rooms\/chambre-coeur\/#primaryimage"},"thumbnailUrl":"https:\/\/www.chateau-de-druon.com\/wp-content\/uploads\/2018\/06\/Chateau-Druon-Chambre-Coeur-7.jpg","datePublished":"2018-06-28T10:37:12+00:00","dateModified":"2020-10-26T11:30:51+00:00","description":"La chambre d'h\u00f4tes Coeur, avec sa d\u00e9coration en bois et en pierre, vous offre une ambiance de montagne chaleureuse.","breadcrumb":{"@id":"https:\/\/www.chateau-de-druon.com\/en\/our-rooms\/chambre-coeur\/#breadcrumb"},"inLanguage":"en-US","potentialAction":[{"@type":"ReadAction","target":["https:\/\/www.chateau-de-druon.com\/en\/our-rooms\/chambre-coeur\/"]}]},{"@type":"ImageObject","inLanguage":"en-US","@id":"https:\/\/www.chateau-de-druon.com\/en\/our-rooms\/chambre-coeur\/#primaryimage","url":"https:\/\/www.chateau-de-druon.com\/wp-content\/uploads\/2018\/06\/Chateau-Druon-Chambre-Coeur-7.jpg","contentUrl":"https:\/\/www.chateau-de-druon.com\/wp-content\/uploads\/2018\/06\/Chateau-Druon-Chambre-Coeur-7.jpg","width":2800,"height":737},{"@type":"BreadcrumbList","@id":"https:\/\/www.chateau-de-druon.com\/en\/our-rooms\/chambre-coeur\/#breadcrumb","itemListElement":[{"@type":"ListItem","position":1,"name":"Accueil","item":"https:\/\/www.chateau-de-druon.com\/en\/"},{"@type":"ListItem","position":2,"name":"R\u00e9servation","item":"https:\/\/www.chateau-de-druon.com\/reservation\/"},{"@type":"ListItem","position":3,"name":"Chambre C\u0153ur"}]},{"@type":"WebSite","@id":"https:\/\/www.chateau-de-druon.com\/#website","url":"https:\/\/www.chateau-de-druon.com\/","name":"Ch\u00e2teau De Druon","description":"Chambre d&#039;h\u00f4tes au Ch\u00e2teau | Vall\u00e9e d&#039;Ossau | Pyr\u00e9n\u00e9es-Atlantiques","publisher":{"@id":"https:\/\/www.chateau-de-druon.com\/#organization"},"potentialAction":[{"@type":"SearchAction","target":{"@type":"EntryPoint","urlTemplate":"https:\/\/www.chateau-de-druon.com\/?s={search_term_string}"},"query-input":{"@type":"PropertyValueSpecification","valueRequired":true,"valueName":"search_term_string"}}],"inLanguage":"en-US"},{"@type":"Organization","@id":"https:\/\/www.chateau-de-druon.com\/#organization","name":"Ch\u00e2teau de Druon","url":"https:\/\/www.chateau-de-druon.com\/","logo":{"@type":"ImageObject","inLanguage":"en-US","@id":"https:\/\/www.chateau-de-druon.com\/#\/schema\/logo\/image\/","url":"https:\/\/www.chateau-de-druon.com\/wp-content\/uploads\/2018\/05\/logo-footer.png","contentUrl":"https:\/\/www.chateau-de-druon.com\/wp-content\/uploads\/2018\/05\/logo-footer.png","width":331,"height":248,"caption":"Ch\u00e2teau de Druon"},"image":{"@id":"https:\/\/www.chateau-de-druon.com\/#\/schema\/logo\/image\/"}}]}},"_links":{"self":[{"href":"https:\/\/www.chateau-de-druon.com\/en\/wp-json\/wp\/v2\/product\/594","targetHints":{"allow":["GET"]}}],"collection":[{"href":"https:\/\/www.chateau-de-druon.com\/en\/wp-json\/wp\/v2\/product"}],"about":[{"href":"https:\/\/www.chateau-de-druon.com\/en\/wp-json\/wp\/v2\/types\/product"}],"wp:featuredmedia":[{"embeddable":true,"href":"https:\/\/www.chateau-de-druon.com\/en\/wp-json\/wp\/v2\/media\/595"}],"wp:attachment":[{"href":"https:\/\/www.chateau-de-druon.com\/en\/wp-json\/wp\/v2\/media?parent=594"}],"wp:term":[{"taxonomy":"product_brand","embeddable":true,"href":"https:\/\/www.chateau-de-druon.com\/en\/wp-json\/wp\/v2\/product_brand?post=594"},{"taxonomy":"product_cat","embeddable":true,"href":"https:\/\/www.chateau-de-druon.com\/en\/wp-json\/wp\/v2\/product_cat?post=594"},{"taxonomy":"product_tag","embeddable":true,"href":"https:\/\/www.chateau-de-druon.com\/en\/wp-json\/wp\/v2\/product_tag?post=594"}],"curies":[{"name":"wp","href":"https:\/\/api.w.org\/{rel}","templated":true}]}}