{"id":592,"date":"2018-06-28T12:48:43","date_gmt":"2018-06-28T10:48:43","guid":{"rendered":"https:\/\/www.chateau-de-druon.com\/nos-chambres\/592\/"},"modified":"2020-10-26T12:30:37","modified_gmt":"2020-10-26T11:30:37","slug":"cerf-suit","status":"publish","type":"product","link":"https:\/\/www.chateau-de-druon.com\/en\/our-rooms\/cerf-suit\/","title":{"rendered":"Suite Cerf"},"content":{"rendered":"<p>Located on the 2nd floor, this 37 m2 ,two bedrooms suite is composed of one main parents room with a Queen size double bed, a comfortable sitting area and another room equipped with 2 single beds.<\/p>\n<p>This suite is very comfortably appointed with a mountain chalet atmosphere, built with wood and stones.<\/p>\n<h3>Equipments :<\/h3>\n<p>1 Queen size double bed , 160 x 200<\/p>\n<p>2 single beds, 90 x 200<\/p>\n<p>Independant bathroom with bathtub and double basin<\/p>\n<p>Hair dryer<\/p>\n<p>Separate toilets<\/p>\n<p>Towels<\/p>\n<p>Refrigerator<\/p>\n<p>Courtesy tray<\/p>\n<p>Nespresso Coffee machine and kettle<\/p>\n<p>Safe deposit box<\/p>\n<p>Google Smart Speaker<\/p>\n<p>2 Flat-screen satellite TV<\/p>\n<p>Free Internet and Wifi<\/p>\n<p>Air conditioned<\/p>\n<h3>Rates :<\/h3>\n<p>100 \u20ac per night for 1 or 2 persons, breakfast included<\/p>\n<p>20 \u20ac per additional person per night, breakfast included<\/p>\n","protected":false},"excerpt":{"rendered":"<p>Located on the 2nd floor, this 37 m2 ,two bedrooms suite is composed of one main parents room with a Queen size double bed, a comfortable sitting area and another room equipped with 2 single beds. This suite is very comfortably appointed with a mountain chalet atmosphere, built with wood and stones. Equipments : 1&hellip;<\/p>\n","protected":false},"featured_media":593,"template":"","meta":{"_acf_changed":false},"product_brand":[],"product_cat":[45],"product_tag":[],"class_list":{"0":"post-592","1":"product","2":"type-product","3":"status-publish","4":"has-post-thumbnail","6":"product_cat-rooms-en","8":"first","9":"instock","10":"virtual","11":"taxable","12":"product-type-simple"},"acf":[],"yoast_head":"<!-- This site is optimized with the Yoast SEO plugin v27.4 - https:\/\/yoast.com\/product\/yoast-seo-wordpress\/ -->\n<title>Suite Cerf au Ch\u00e2teau de Druon - Pyr\u00e9n\u00e9es<\/title>\n<meta name=\"description\" content=\"R\u00e9servez votre suite de 37m2 au Ch\u00e2teau de Druon, dans une atmosph\u00e8re chalet de montagne avec sa d\u00e9coration en bois et en pierre.\" \/>\n<meta name=\"robots\" content=\"index, follow, max-snippet:-1, max-image-preview:large, max-video-preview:-1\" \/>\n<link rel=\"canonical\" href=\"https:\/\/www.chateau-de-druon.com\/en\/our-rooms\/cerf-suit\/\" \/>\n<meta property=\"og:locale\" content=\"en_US\" \/>\n<meta property=\"og:type\" content=\"article\" \/>\n<meta property=\"og:title\" content=\"Suite Cerf au Ch\u00e2teau de Druon - Pyr\u00e9n\u00e9es\" \/>\n<meta property=\"og:description\" content=\"R\u00e9servez votre suite de 37m2 au Ch\u00e2teau de Druon, dans une atmosph\u00e8re chalet de montagne avec sa d\u00e9coration en bois et en pierre.\" \/>\n<meta property=\"og:url\" content=\"https:\/\/www.chateau-de-druon.com\/en\/our-rooms\/cerf-suit\/\" \/>\n<meta property=\"og:site_name\" content=\"Ch\u00e2teau De Druon\" \/>\n<meta property=\"article:modified_time\" content=\"2020-10-26T11:30:37+00:00\" \/>\n<meta property=\"og:image\" content=\"https:\/\/www.chateau-de-druon.com\/wp-content\/uploads\/2018\/06\/Chateau-Druon-Chambre-Cerf-37.jpg\" \/>\n\t<meta property=\"og:image:width\" content=\"2800\" \/>\n\t<meta property=\"og:image:height\" content=\"666\" \/>\n\t<meta property=\"og:image:type\" content=\"image\/jpeg\" \/>\n<meta name=\"twitter:card\" content=\"summary_large_image\" \/>\n<meta name=\"twitter:label1\" content=\"Est. reading time\" \/>\n\t<meta name=\"twitter:data1\" content=\"1 minute\" \/>\n<script type=\"application\/ld+json\" class=\"yoast-schema-graph\">{\"@context\":\"https:\\\/\\\/schema.org\",\"@graph\":[{\"@type\":\"WebPage\",\"@id\":\"https:\\\/\\\/www.chateau-de-druon.com\\\/en\\\/our-rooms\\\/cerf-suit\\\/\",\"url\":\"https:\\\/\\\/www.chateau-de-druon.com\\\/en\\\/our-rooms\\\/cerf-suit\\\/\",\"name\":\"Suite Cerf au Ch\u00e2teau de Druon - Pyr\u00e9n\u00e9es\",\"isPartOf\":{\"@id\":\"https:\\\/\\\/www.chateau-de-druon.com\\\/#website\"},\"primaryImageOfPage\":{\"@id\":\"https:\\\/\\\/www.chateau-de-druon.com\\\/en\\\/our-rooms\\\/cerf-suit\\\/#primaryimage\"},\"image\":{\"@id\":\"https:\\\/\\\/www.chateau-de-druon.com\\\/en\\\/our-rooms\\\/cerf-suit\\\/#primaryimage\"},\"thumbnailUrl\":\"https:\\\/\\\/www.chateau-de-druon.com\\\/wp-content\\\/uploads\\\/2018\\\/06\\\/Chateau-Druon-Chambre-Cerf-37.jpg\",\"datePublished\":\"2018-06-28T10:48:43+00:00\",\"dateModified\":\"2020-10-26T11:30:37+00:00\",\"description\":\"R\u00e9servez votre suite de 37m2 au Ch\u00e2teau de Druon, dans une atmosph\u00e8re chalet de montagne avec sa d\u00e9coration en bois et en pierre.\",\"breadcrumb\":{\"@id\":\"https:\\\/\\\/www.chateau-de-druon.com\\\/en\\\/our-rooms\\\/cerf-suit\\\/#breadcrumb\"},\"inLanguage\":\"en-US\",\"potentialAction\":[{\"@type\":\"ReadAction\",\"target\":[\"https:\\\/\\\/www.chateau-de-druon.com\\\/en\\\/our-rooms\\\/cerf-suit\\\/\"]}]},{\"@type\":\"ImageObject\",\"inLanguage\":\"en-US\",\"@id\":\"https:\\\/\\\/www.chateau-de-druon.com\\\/en\\\/our-rooms\\\/cerf-suit\\\/#primaryimage\",\"url\":\"https:\\\/\\\/www.chateau-de-druon.com\\\/wp-content\\\/uploads\\\/2018\\\/06\\\/Chateau-Druon-Chambre-Cerf-37.jpg\",\"contentUrl\":\"https:\\\/\\\/www.chateau-de-druon.com\\\/wp-content\\\/uploads\\\/2018\\\/06\\\/Chateau-Druon-Chambre-Cerf-37.jpg\",\"width\":2800,\"height\":666},{\"@type\":\"BreadcrumbList\",\"@id\":\"https:\\\/\\\/www.chateau-de-druon.com\\\/en\\\/our-rooms\\\/cerf-suit\\\/#breadcrumb\",\"itemListElement\":[{\"@type\":\"ListItem\",\"position\":1,\"name\":\"Accueil\",\"item\":\"https:\\\/\\\/www.chateau-de-druon.com\\\/en\\\/\"},{\"@type\":\"ListItem\",\"position\":2,\"name\":\"R\u00e9servation\",\"item\":\"https:\\\/\\\/www.chateau-de-druon.com\\\/reservation\\\/\"},{\"@type\":\"ListItem\",\"position\":3,\"name\":\"Suite Cerf\"}]},{\"@type\":\"WebSite\",\"@id\":\"https:\\\/\\\/www.chateau-de-druon.com\\\/#website\",\"url\":\"https:\\\/\\\/www.chateau-de-druon.com\\\/\",\"name\":\"Ch\u00e2teau De Druon\",\"description\":\"Chambre d&#039;h\u00f4tes au Ch\u00e2teau | Vall\u00e9e d&#039;Ossau | Pyr\u00e9n\u00e9es-Atlantiques\",\"publisher\":{\"@id\":\"https:\\\/\\\/www.chateau-de-druon.com\\\/#organization\"},\"potentialAction\":[{\"@type\":\"SearchAction\",\"target\":{\"@type\":\"EntryPoint\",\"urlTemplate\":\"https:\\\/\\\/www.chateau-de-druon.com\\\/?s={search_term_string}\"},\"query-input\":{\"@type\":\"PropertyValueSpecification\",\"valueRequired\":true,\"valueName\":\"search_term_string\"}}],\"inLanguage\":\"en-US\"},{\"@type\":\"Organization\",\"@id\":\"https:\\\/\\\/www.chateau-de-druon.com\\\/#organization\",\"name\":\"Ch\u00e2teau de Druon\",\"url\":\"https:\\\/\\\/www.chateau-de-druon.com\\\/\",\"logo\":{\"@type\":\"ImageObject\",\"inLanguage\":\"en-US\",\"@id\":\"https:\\\/\\\/www.chateau-de-druon.com\\\/#\\\/schema\\\/logo\\\/image\\\/\",\"url\":\"https:\\\/\\\/www.chateau-de-druon.com\\\/wp-content\\\/uploads\\\/2018\\\/05\\\/logo-footer.png\",\"contentUrl\":\"https:\\\/\\\/www.chateau-de-druon.com\\\/wp-content\\\/uploads\\\/2018\\\/05\\\/logo-footer.png\",\"width\":331,\"height\":248,\"caption\":\"Ch\u00e2teau de Druon\"},\"image\":{\"@id\":\"https:\\\/\\\/www.chateau-de-druon.com\\\/#\\\/schema\\\/logo\\\/image\\\/\"}}]}<\/script>\n<!-- \/ Yoast SEO plugin. -->","yoast_head_json":{"title":"Suite Cerf au Ch\u00e2teau de Druon - Pyr\u00e9n\u00e9es","description":"R\u00e9servez votre suite de 37m2 au Ch\u00e2teau de Druon, dans une atmosph\u00e8re chalet de montagne avec sa d\u00e9coration en bois et en pierre.","robots":{"index":"index","follow":"follow","max-snippet":"max-snippet:-1","max-image-preview":"max-image-preview:large","max-video-preview":"max-video-preview:-1"},"canonical":"https:\/\/www.chateau-de-druon.com\/en\/our-rooms\/cerf-suit\/","og_locale":"en_US","og_type":"article","og_title":"Suite Cerf au Ch\u00e2teau de Druon - Pyr\u00e9n\u00e9es","og_description":"R\u00e9servez votre suite de 37m2 au Ch\u00e2teau de Druon, dans une atmosph\u00e8re chalet de montagne avec sa d\u00e9coration en bois et en pierre.","og_url":"https:\/\/www.chateau-de-druon.com\/en\/our-rooms\/cerf-suit\/","og_site_name":"Ch\u00e2teau De Druon","article_modified_time":"2020-10-26T11:30:37+00:00","og_image":[{"width":2800,"height":666,"url":"https:\/\/www.chateau-de-druon.com\/wp-content\/uploads\/2018\/06\/Chateau-Druon-Chambre-Cerf-37.jpg","type":"image\/jpeg"}],"twitter_card":"summary_large_image","twitter_misc":{"Est. reading time":"1 minute"},"schema":{"@context":"https:\/\/schema.org","@graph":[{"@type":"WebPage","@id":"https:\/\/www.chateau-de-druon.com\/en\/our-rooms\/cerf-suit\/","url":"https:\/\/www.chateau-de-druon.com\/en\/our-rooms\/cerf-suit\/","name":"Suite Cerf au Ch\u00e2teau de Druon - Pyr\u00e9n\u00e9es","isPartOf":{"@id":"https:\/\/www.chateau-de-druon.com\/#website"},"primaryImageOfPage":{"@id":"https:\/\/www.chateau-de-druon.com\/en\/our-rooms\/cerf-suit\/#primaryimage"},"image":{"@id":"https:\/\/www.chateau-de-druon.com\/en\/our-rooms\/cerf-suit\/#primaryimage"},"thumbnailUrl":"https:\/\/www.chateau-de-druon.com\/wp-content\/uploads\/2018\/06\/Chateau-Druon-Chambre-Cerf-37.jpg","datePublished":"2018-06-28T10:48:43+00:00","dateModified":"2020-10-26T11:30:37+00:00","description":"R\u00e9servez votre suite de 37m2 au Ch\u00e2teau de Druon, dans une atmosph\u00e8re chalet de montagne avec sa d\u00e9coration en bois et en pierre.","breadcrumb":{"@id":"https:\/\/www.chateau-de-druon.com\/en\/our-rooms\/cerf-suit\/#breadcrumb"},"inLanguage":"en-US","potentialAction":[{"@type":"ReadAction","target":["https:\/\/www.chateau-de-druon.com\/en\/our-rooms\/cerf-suit\/"]}]},{"@type":"ImageObject","inLanguage":"en-US","@id":"https:\/\/www.chateau-de-druon.com\/en\/our-rooms\/cerf-suit\/#primaryimage","url":"https:\/\/www.chateau-de-druon.com\/wp-content\/uploads\/2018\/06\/Chateau-Druon-Chambre-Cerf-37.jpg","contentUrl":"https:\/\/www.chateau-de-druon.com\/wp-content\/uploads\/2018\/06\/Chateau-Druon-Chambre-Cerf-37.jpg","width":2800,"height":666},{"@type":"BreadcrumbList","@id":"https:\/\/www.chateau-de-druon.com\/en\/our-rooms\/cerf-suit\/#breadcrumb","itemListElement":[{"@type":"ListItem","position":1,"name":"Accueil","item":"https:\/\/www.chateau-de-druon.com\/en\/"},{"@type":"ListItem","position":2,"name":"R\u00e9servation","item":"https:\/\/www.chateau-de-druon.com\/reservation\/"},{"@type":"ListItem","position":3,"name":"Suite Cerf"}]},{"@type":"WebSite","@id":"https:\/\/www.chateau-de-druon.com\/#website","url":"https:\/\/www.chateau-de-druon.com\/","name":"Ch\u00e2teau De Druon","description":"Chambre d&#039;h\u00f4tes au Ch\u00e2teau | Vall\u00e9e d&#039;Ossau | Pyr\u00e9n\u00e9es-Atlantiques","publisher":{"@id":"https:\/\/www.chateau-de-druon.com\/#organization"},"potentialAction":[{"@type":"SearchAction","target":{"@type":"EntryPoint","urlTemplate":"https:\/\/www.chateau-de-druon.com\/?s={search_term_string}"},"query-input":{"@type":"PropertyValueSpecification","valueRequired":true,"valueName":"search_term_string"}}],"inLanguage":"en-US"},{"@type":"Organization","@id":"https:\/\/www.chateau-de-druon.com\/#organization","name":"Ch\u00e2teau de Druon","url":"https:\/\/www.chateau-de-druon.com\/","logo":{"@type":"ImageObject","inLanguage":"en-US","@id":"https:\/\/www.chateau-de-druon.com\/#\/schema\/logo\/image\/","url":"https:\/\/www.chateau-de-druon.com\/wp-content\/uploads\/2018\/05\/logo-footer.png","contentUrl":"https:\/\/www.chateau-de-druon.com\/wp-content\/uploads\/2018\/05\/logo-footer.png","width":331,"height":248,"caption":"Ch\u00e2teau de Druon"},"image":{"@id":"https:\/\/www.chateau-de-druon.com\/#\/schema\/logo\/image\/"}}]}},"_links":{"self":[{"href":"https:\/\/www.chateau-de-druon.com\/en\/wp-json\/wp\/v2\/product\/592","targetHints":{"allow":["GET"]}}],"collection":[{"href":"https:\/\/www.chateau-de-druon.com\/en\/wp-json\/wp\/v2\/product"}],"about":[{"href":"https:\/\/www.chateau-de-druon.com\/en\/wp-json\/wp\/v2\/types\/product"}],"wp:featuredmedia":[{"embeddable":true,"href":"https:\/\/www.chateau-de-druon.com\/en\/wp-json\/wp\/v2\/media\/593"}],"wp:attachment":[{"href":"https:\/\/www.chateau-de-druon.com\/en\/wp-json\/wp\/v2\/media?parent=592"}],"wp:term":[{"taxonomy":"product_brand","embeddable":true,"href":"https:\/\/www.chateau-de-druon.com\/en\/wp-json\/wp\/v2\/product_brand?post=592"},{"taxonomy":"product_cat","embeddable":true,"href":"https:\/\/www.chateau-de-druon.com\/en\/wp-json\/wp\/v2\/product_cat?post=592"},{"taxonomy":"product_tag","embeddable":true,"href":"https:\/\/www.chateau-de-druon.com\/en\/wp-json\/wp\/v2\/product_tag?post=592"}],"curies":[{"name":"wp","href":"https:\/\/api.w.org\/{rel}","templated":true}]}}