{"id":590,"date":"2018-06-28T15:23:12","date_gmt":"2018-06-28T13:23:12","guid":{"rendered":"https:\/\/www.chateau-de-druon.com\/nos-chambres\/590\/"},"modified":"2020-10-26T12:30:24","modified_gmt":"2020-10-26T11:30:24","slug":"chambre-donjon","status":"publish","type":"product","link":"https:\/\/www.chateau-de-druon.com\/en\/our-rooms\/chambre-donjon\/","title":{"rendered":"Chambre le Donjon"},"content":{"rendered":"<p>Located in the main tower, on the third floor, this 15m\u00b2 romantic room is equipped with 2 single beds,a bathroom within the bedroom and separate toilets. This original room offers 21st century comfort in a medieval decoration, with incredible charm and its windows offering a 360 \u00b0 view over the Park.<\/p>\n<h3 style=\"text-align: justify;\">Equipments :<\/h3>\n<ul>\n<li class=\"\">2 single beds 90 x 190 cm<\/li>\n<li class=\"\">Shower<\/li>\n<li class=\"\">Hair dryer<\/li>\n<li class=\"\">Separate toilets<\/li>\n<li class=\"\">Towels<\/li>\n<li class=\"\">Courtesy tray<\/li>\n<li class=\"\">Kettle<\/li>\n<li class=\"\">View over the Park<\/li>\n<li>Google Smart Speaker<\/li>\n<li class=\"\">Flat-screen satellite TV<\/li>\n<li class=\"\">Free Internet and Wifi<\/li>\n<li class=\"\">Air conditioned<\/li>\n<\/ul>\n<h3>Rates:<\/h3>\n<ul>\n<li>68 \u20ac lper room and per night for 1 or 2 persons, breakfast included<\/li>\n<\/ul>\n","protected":false},"excerpt":{"rendered":"<p>Located in the main tower, on the third floor, this 15m\u00b2 romantic room is equipped with 2 single beds,a bathroom within the bedroom and separate toilets. This original room offers 21st century comfort in a medieval decoration, with incredible charm and its windows offering a 360 \u00b0 view over the Park. Equipments : 2 single&hellip;<\/p>\n","protected":false},"featured_media":591,"template":"","meta":{"_acf_changed":false},"product_brand":[],"product_cat":[45],"product_tag":[],"class_list":{"0":"post-590","1":"product","2":"type-product","3":"status-publish","4":"has-post-thumbnail","6":"product_cat-rooms-en","8":"first","9":"outofstock","10":"virtual","11":"taxable","12":"purchasable","13":"product-type-simple"},"acf":[],"yoast_head":"<!-- This site is optimized with the Yoast SEO plugin v27.3 - https:\/\/yoast.com\/product\/yoast-seo-wordpress\/ -->\n<title>Chambre Le Donjon au Ch\u00e2teau de Druon<\/title>\n<meta name=\"description\" content=\"Une chambre d&#039;h\u00f4tes de charme, situ\u00e9e dans la tourelle principale du ch\u00e2teau. S\u00e9journez dans un d\u00e9cor m\u00e9di\u00e9val, avec meurtri\u00e8res \u00e0 360\u00b0 et vues sur le parc arbor\u00e9.\" \/>\n<meta name=\"robots\" content=\"index, follow, max-snippet:-1, max-image-preview:large, max-video-preview:-1\" \/>\n<link rel=\"canonical\" href=\"https:\/\/www.chateau-de-druon.com\/en\/our-rooms\/chambre-donjon\/\" \/>\n<meta property=\"og:locale\" content=\"en_US\" \/>\n<meta property=\"og:type\" content=\"article\" \/>\n<meta property=\"og:title\" content=\"Chambre Le Donjon au Ch\u00e2teau de Druon\" \/>\n<meta property=\"og:description\" content=\"Une chambre d&#039;h\u00f4tes de charme, situ\u00e9e dans la tourelle principale du ch\u00e2teau. S\u00e9journez dans un d\u00e9cor m\u00e9di\u00e9val, avec meurtri\u00e8res \u00e0 360\u00b0 et vues sur le parc arbor\u00e9.\" \/>\n<meta property=\"og:url\" content=\"https:\/\/www.chateau-de-druon.com\/en\/our-rooms\/chambre-donjon\/\" \/>\n<meta property=\"og:site_name\" content=\"Ch\u00e2teau De Druon\" \/>\n<meta property=\"article:modified_time\" content=\"2020-10-26T11:30:24+00:00\" \/>\n<meta property=\"og:image\" content=\"https:\/\/www.chateau-de-druon.com\/wp-content\/uploads\/2018\/06\/Chateau-Druon-Chambre-Donjon-1.jpg\" \/>\n\t<meta property=\"og:image:width\" content=\"2800\" \/>\n\t<meta property=\"og:image:height\" content=\"937\" \/>\n\t<meta property=\"og:image:type\" content=\"image\/jpeg\" \/>\n<meta name=\"twitter:card\" content=\"summary_large_image\" \/>\n<script type=\"application\/ld+json\" class=\"yoast-schema-graph\">{\"@context\":\"https:\\\/\\\/schema.org\",\"@graph\":[{\"@type\":\"WebPage\",\"@id\":\"https:\\\/\\\/www.chateau-de-druon.com\\\/en\\\/our-rooms\\\/chambre-donjon\\\/\",\"url\":\"https:\\\/\\\/www.chateau-de-druon.com\\\/en\\\/our-rooms\\\/chambre-donjon\\\/\",\"name\":\"Chambre Le Donjon au Ch\u00e2teau de Druon\",\"isPartOf\":{\"@id\":\"https:\\\/\\\/www.chateau-de-druon.com\\\/#website\"},\"primaryImageOfPage\":{\"@id\":\"https:\\\/\\\/www.chateau-de-druon.com\\\/en\\\/our-rooms\\\/chambre-donjon\\\/#primaryimage\"},\"image\":{\"@id\":\"https:\\\/\\\/www.chateau-de-druon.com\\\/en\\\/our-rooms\\\/chambre-donjon\\\/#primaryimage\"},\"thumbnailUrl\":\"https:\\\/\\\/www.chateau-de-druon.com\\\/wp-content\\\/uploads\\\/2018\\\/06\\\/Chateau-Druon-Chambre-Donjon-1.jpg\",\"datePublished\":\"2018-06-28T13:23:12+00:00\",\"dateModified\":\"2020-10-26T11:30:24+00:00\",\"description\":\"Une chambre d'h\u00f4tes de charme, situ\u00e9e dans la tourelle principale du ch\u00e2teau. S\u00e9journez dans un d\u00e9cor m\u00e9di\u00e9val, avec meurtri\u00e8res \u00e0 360\u00b0 et vues sur le parc arbor\u00e9.\",\"breadcrumb\":{\"@id\":\"https:\\\/\\\/www.chateau-de-druon.com\\\/en\\\/our-rooms\\\/chambre-donjon\\\/#breadcrumb\"},\"inLanguage\":\"en-US\",\"potentialAction\":[{\"@type\":\"ReadAction\",\"target\":[\"https:\\\/\\\/www.chateau-de-druon.com\\\/en\\\/our-rooms\\\/chambre-donjon\\\/\"]}]},{\"@type\":\"ImageObject\",\"inLanguage\":\"en-US\",\"@id\":\"https:\\\/\\\/www.chateau-de-druon.com\\\/en\\\/our-rooms\\\/chambre-donjon\\\/#primaryimage\",\"url\":\"https:\\\/\\\/www.chateau-de-druon.com\\\/wp-content\\\/uploads\\\/2018\\\/06\\\/Chateau-Druon-Chambre-Donjon-1.jpg\",\"contentUrl\":\"https:\\\/\\\/www.chateau-de-druon.com\\\/wp-content\\\/uploads\\\/2018\\\/06\\\/Chateau-Druon-Chambre-Donjon-1.jpg\",\"width\":2800,\"height\":937},{\"@type\":\"BreadcrumbList\",\"@id\":\"https:\\\/\\\/www.chateau-de-druon.com\\\/en\\\/our-rooms\\\/chambre-donjon\\\/#breadcrumb\",\"itemListElement\":[{\"@type\":\"ListItem\",\"position\":1,\"name\":\"Accueil\",\"item\":\"https:\\\/\\\/www.chateau-de-druon.com\\\/en\\\/\"},{\"@type\":\"ListItem\",\"position\":2,\"name\":\"R\u00e9servation\",\"item\":\"https:\\\/\\\/www.chateau-de-druon.com\\\/reservation\\\/\"},{\"@type\":\"ListItem\",\"position\":3,\"name\":\"Chambre le Donjon\"}]},{\"@type\":\"WebSite\",\"@id\":\"https:\\\/\\\/www.chateau-de-druon.com\\\/#website\",\"url\":\"https:\\\/\\\/www.chateau-de-druon.com\\\/\",\"name\":\"Ch\u00e2teau De Druon\",\"description\":\"Chambre d&#039;h\u00f4tes au Ch\u00e2teau | Vall\u00e9e d&#039;Ossau | Pyr\u00e9n\u00e9es-Atlantiques\",\"publisher\":{\"@id\":\"https:\\\/\\\/www.chateau-de-druon.com\\\/#organization\"},\"potentialAction\":[{\"@type\":\"SearchAction\",\"target\":{\"@type\":\"EntryPoint\",\"urlTemplate\":\"https:\\\/\\\/www.chateau-de-druon.com\\\/?s={search_term_string}\"},\"query-input\":{\"@type\":\"PropertyValueSpecification\",\"valueRequired\":true,\"valueName\":\"search_term_string\"}}],\"inLanguage\":\"en-US\"},{\"@type\":\"Organization\",\"@id\":\"https:\\\/\\\/www.chateau-de-druon.com\\\/#organization\",\"name\":\"Ch\u00e2teau de Druon\",\"url\":\"https:\\\/\\\/www.chateau-de-druon.com\\\/\",\"logo\":{\"@type\":\"ImageObject\",\"inLanguage\":\"en-US\",\"@id\":\"https:\\\/\\\/www.chateau-de-druon.com\\\/#\\\/schema\\\/logo\\\/image\\\/\",\"url\":\"https:\\\/\\\/www.chateau-de-druon.com\\\/wp-content\\\/uploads\\\/2018\\\/05\\\/logo-footer.png\",\"contentUrl\":\"https:\\\/\\\/www.chateau-de-druon.com\\\/wp-content\\\/uploads\\\/2018\\\/05\\\/logo-footer.png\",\"width\":331,\"height\":248,\"caption\":\"Ch\u00e2teau de Druon\"},\"image\":{\"@id\":\"https:\\\/\\\/www.chateau-de-druon.com\\\/#\\\/schema\\\/logo\\\/image\\\/\"}}]}<\/script>\n<!-- \/ Yoast SEO plugin. -->","yoast_head_json":{"title":"Chambre Le Donjon au Ch\u00e2teau de Druon","description":"Une chambre d'h\u00f4tes de charme, situ\u00e9e dans la tourelle principale du ch\u00e2teau. S\u00e9journez dans un d\u00e9cor m\u00e9di\u00e9val, avec meurtri\u00e8res \u00e0 360\u00b0 et vues sur le parc arbor\u00e9.","robots":{"index":"index","follow":"follow","max-snippet":"max-snippet:-1","max-image-preview":"max-image-preview:large","max-video-preview":"max-video-preview:-1"},"canonical":"https:\/\/www.chateau-de-druon.com\/en\/our-rooms\/chambre-donjon\/","og_locale":"en_US","og_type":"article","og_title":"Chambre Le Donjon au Ch\u00e2teau de Druon","og_description":"Une chambre d'h\u00f4tes de charme, situ\u00e9e dans la tourelle principale du ch\u00e2teau. S\u00e9journez dans un d\u00e9cor m\u00e9di\u00e9val, avec meurtri\u00e8res \u00e0 360\u00b0 et vues sur le parc arbor\u00e9.","og_url":"https:\/\/www.chateau-de-druon.com\/en\/our-rooms\/chambre-donjon\/","og_site_name":"Ch\u00e2teau De Druon","article_modified_time":"2020-10-26T11:30:24+00:00","og_image":[{"width":2800,"height":937,"url":"https:\/\/www.chateau-de-druon.com\/wp-content\/uploads\/2018\/06\/Chateau-Druon-Chambre-Donjon-1.jpg","type":"image\/jpeg"}],"twitter_card":"summary_large_image","schema":{"@context":"https:\/\/schema.org","@graph":[{"@type":"WebPage","@id":"https:\/\/www.chateau-de-druon.com\/en\/our-rooms\/chambre-donjon\/","url":"https:\/\/www.chateau-de-druon.com\/en\/our-rooms\/chambre-donjon\/","name":"Chambre Le Donjon au Ch\u00e2teau de Druon","isPartOf":{"@id":"https:\/\/www.chateau-de-druon.com\/#website"},"primaryImageOfPage":{"@id":"https:\/\/www.chateau-de-druon.com\/en\/our-rooms\/chambre-donjon\/#primaryimage"},"image":{"@id":"https:\/\/www.chateau-de-druon.com\/en\/our-rooms\/chambre-donjon\/#primaryimage"},"thumbnailUrl":"https:\/\/www.chateau-de-druon.com\/wp-content\/uploads\/2018\/06\/Chateau-Druon-Chambre-Donjon-1.jpg","datePublished":"2018-06-28T13:23:12+00:00","dateModified":"2020-10-26T11:30:24+00:00","description":"Une chambre d'h\u00f4tes de charme, situ\u00e9e dans la tourelle principale du ch\u00e2teau. S\u00e9journez dans un d\u00e9cor m\u00e9di\u00e9val, avec meurtri\u00e8res \u00e0 360\u00b0 et vues sur le parc arbor\u00e9.","breadcrumb":{"@id":"https:\/\/www.chateau-de-druon.com\/en\/our-rooms\/chambre-donjon\/#breadcrumb"},"inLanguage":"en-US","potentialAction":[{"@type":"ReadAction","target":["https:\/\/www.chateau-de-druon.com\/en\/our-rooms\/chambre-donjon\/"]}]},{"@type":"ImageObject","inLanguage":"en-US","@id":"https:\/\/www.chateau-de-druon.com\/en\/our-rooms\/chambre-donjon\/#primaryimage","url":"https:\/\/www.chateau-de-druon.com\/wp-content\/uploads\/2018\/06\/Chateau-Druon-Chambre-Donjon-1.jpg","contentUrl":"https:\/\/www.chateau-de-druon.com\/wp-content\/uploads\/2018\/06\/Chateau-Druon-Chambre-Donjon-1.jpg","width":2800,"height":937},{"@type":"BreadcrumbList","@id":"https:\/\/www.chateau-de-druon.com\/en\/our-rooms\/chambre-donjon\/#breadcrumb","itemListElement":[{"@type":"ListItem","position":1,"name":"Accueil","item":"https:\/\/www.chateau-de-druon.com\/en\/"},{"@type":"ListItem","position":2,"name":"R\u00e9servation","item":"https:\/\/www.chateau-de-druon.com\/reservation\/"},{"@type":"ListItem","position":3,"name":"Chambre le Donjon"}]},{"@type":"WebSite","@id":"https:\/\/www.chateau-de-druon.com\/#website","url":"https:\/\/www.chateau-de-druon.com\/","name":"Ch\u00e2teau De Druon","description":"Chambre d&#039;h\u00f4tes au Ch\u00e2teau | Vall\u00e9e d&#039;Ossau | Pyr\u00e9n\u00e9es-Atlantiques","publisher":{"@id":"https:\/\/www.chateau-de-druon.com\/#organization"},"potentialAction":[{"@type":"SearchAction","target":{"@type":"EntryPoint","urlTemplate":"https:\/\/www.chateau-de-druon.com\/?s={search_term_string}"},"query-input":{"@type":"PropertyValueSpecification","valueRequired":true,"valueName":"search_term_string"}}],"inLanguage":"en-US"},{"@type":"Organization","@id":"https:\/\/www.chateau-de-druon.com\/#organization","name":"Ch\u00e2teau de Druon","url":"https:\/\/www.chateau-de-druon.com\/","logo":{"@type":"ImageObject","inLanguage":"en-US","@id":"https:\/\/www.chateau-de-druon.com\/#\/schema\/logo\/image\/","url":"https:\/\/www.chateau-de-druon.com\/wp-content\/uploads\/2018\/05\/logo-footer.png","contentUrl":"https:\/\/www.chateau-de-druon.com\/wp-content\/uploads\/2018\/05\/logo-footer.png","width":331,"height":248,"caption":"Ch\u00e2teau de Druon"},"image":{"@id":"https:\/\/www.chateau-de-druon.com\/#\/schema\/logo\/image\/"}}]}},"_links":{"self":[{"href":"https:\/\/www.chateau-de-druon.com\/en\/wp-json\/wp\/v2\/product\/590","targetHints":{"allow":["GET"]}}],"collection":[{"href":"https:\/\/www.chateau-de-druon.com\/en\/wp-json\/wp\/v2\/product"}],"about":[{"href":"https:\/\/www.chateau-de-druon.com\/en\/wp-json\/wp\/v2\/types\/product"}],"wp:featuredmedia":[{"embeddable":true,"href":"https:\/\/www.chateau-de-druon.com\/en\/wp-json\/wp\/v2\/media\/591"}],"wp:attachment":[{"href":"https:\/\/www.chateau-de-druon.com\/en\/wp-json\/wp\/v2\/media?parent=590"}],"wp:term":[{"taxonomy":"product_brand","embeddable":true,"href":"https:\/\/www.chateau-de-druon.com\/en\/wp-json\/wp\/v2\/product_brand?post=590"},{"taxonomy":"product_cat","embeddable":true,"href":"https:\/\/www.chateau-de-druon.com\/en\/wp-json\/wp\/v2\/product_cat?post=590"},{"taxonomy":"product_tag","embeddable":true,"href":"https:\/\/www.chateau-de-druon.com\/en\/wp-json\/wp\/v2\/product_tag?post=590"}],"curies":[{"name":"wp","href":"https:\/\/api.w.org\/{rel}","templated":true}]}}