{"id":584,"date":"2018-06-29T14:38:42","date_gmt":"2018-06-29T12:38:42","guid":{"rendered":"https:\/\/www.chateau-de-druon.com\/nos-chambres\/584\/"},"modified":"2020-10-26T12:30:03","modified_gmt":"2020-10-26T11:30:03","slug":"chambre-ossau","status":"publish","type":"product","link":"https:\/\/www.chateau-de-druon.com\/en\/our-rooms\/chambre-ossau\/","title":{"rendered":"Chambre Ossau"},"content":{"rendered":"<p>On the first floor, this 18 m2 room is equipped with two electrical relaxation single beds, independant bathroom with shower and separate toilets.<\/p>\n<p>This bedroom, comfortably appointed offers a beautiful view over the park and the Pyr\u00e9n\u00e9es mountain.<\/p>\n<h3>Equipment :<\/h3>\n<p>2 comfortable electrical relaxation beds :90 x 200 cm<\/p>\n<p>Separate bathroom with shower<\/p>\n<p>Hair dryer<\/p>\n<p>Separate toilets<\/p>\n<p>Towels<\/p>\n<p>Courtesy tray<\/p>\n<p>Kettle<\/p>\n<p>Safety deposit box<\/p>\n<p>Flat- screen satellite TV<\/p>\n<p>Free Internet and Wifi<\/p>\n<p>Google Smart Speaker<\/p>\n<h3>Rates :<\/h3>\n<p>80 \u20ac per room and per night for 1 or 2 persons, breakfast included<\/p>\n<p>&nbsp;<\/p>\n<p>&nbsp;<\/p>\n","protected":false},"excerpt":{"rendered":"<p>On the first floor, this 18 m2 room is equipped with two electrical relaxation single beds, independant bathroom with shower and separate toilets. This bedroom, comfortably appointed offers a beautiful view over the park and the Pyr\u00e9n\u00e9es mountain. Equipment : 2 comfortable electrical relaxation beds :90 x 200 cm Separate bathroom with shower Hair dryer&hellip;<\/p>\n","protected":false},"featured_media":585,"template":"","meta":{"_acf_changed":false},"product_brand":[],"product_cat":[45],"product_tag":[],"class_list":{"0":"post-584","1":"product","2":"type-product","3":"status-publish","4":"has-post-thumbnail","6":"product_cat-rooms-en","8":"first","9":"instock","10":"virtual","11":"taxable","12":"product-type-simple"},"acf":[],"yoast_head":"<!-- This site is optimized with the Yoast SEO plugin v27.3 - https:\/\/yoast.com\/product\/yoast-seo-wordpress\/ -->\n<title>Chambre Ossau en location au Ch\u00e2teau de Druon - Pyr\u00e9n\u00e9es<\/title>\n<meta name=\"description\" content=\"La chambre d&#039;h\u00f4tes Ossau, \u00e0 l&#039;esprit nature, dispose de lits \u00e9lectriques et offre une vue sur le parc du ch\u00e2teau et sur la cha\u00eene des Pyr\u00e9n\u00e9es.\" \/>\n<meta name=\"robots\" content=\"index, follow, max-snippet:-1, max-image-preview:large, max-video-preview:-1\" \/>\n<link rel=\"canonical\" href=\"https:\/\/www.chateau-de-druon.com\/en\/our-rooms\/chambre-ossau\/\" \/>\n<meta property=\"og:locale\" content=\"en_US\" \/>\n<meta property=\"og:type\" content=\"article\" \/>\n<meta property=\"og:title\" content=\"Chambre Ossau en location au Ch\u00e2teau de Druon - Pyr\u00e9n\u00e9es\" \/>\n<meta property=\"og:description\" content=\"La chambre d&#039;h\u00f4tes Ossau, \u00e0 l&#039;esprit nature, dispose de lits \u00e9lectriques et offre une vue sur le parc du ch\u00e2teau et sur la cha\u00eene des Pyr\u00e9n\u00e9es.\" \/>\n<meta property=\"og:url\" content=\"https:\/\/www.chateau-de-druon.com\/en\/our-rooms\/chambre-ossau\/\" \/>\n<meta property=\"og:site_name\" content=\"Ch\u00e2teau De Druon\" \/>\n<meta property=\"article:modified_time\" content=\"2020-10-26T11:30:03+00:00\" \/>\n<meta property=\"og:image\" content=\"https:\/\/www.chateau-de-druon.com\/wp-content\/uploads\/2018\/06\/Chateau-Druon-Chambre-Ossau-1.jpg\" \/>\n\t<meta property=\"og:image:width\" content=\"2800\" \/>\n\t<meta property=\"og:image:height\" content=\"1004\" \/>\n\t<meta property=\"og:image:type\" content=\"image\/jpeg\" \/>\n<meta name=\"twitter:card\" content=\"summary_large_image\" \/>\n<script type=\"application\/ld+json\" class=\"yoast-schema-graph\">{\"@context\":\"https:\\\/\\\/schema.org\",\"@graph\":[{\"@type\":\"WebPage\",\"@id\":\"https:\\\/\\\/www.chateau-de-druon.com\\\/en\\\/our-rooms\\\/chambre-ossau\\\/\",\"url\":\"https:\\\/\\\/www.chateau-de-druon.com\\\/en\\\/our-rooms\\\/chambre-ossau\\\/\",\"name\":\"Chambre Ossau en location au Ch\u00e2teau de Druon - Pyr\u00e9n\u00e9es\",\"isPartOf\":{\"@id\":\"https:\\\/\\\/www.chateau-de-druon.com\\\/#website\"},\"primaryImageOfPage\":{\"@id\":\"https:\\\/\\\/www.chateau-de-druon.com\\\/en\\\/our-rooms\\\/chambre-ossau\\\/#primaryimage\"},\"image\":{\"@id\":\"https:\\\/\\\/www.chateau-de-druon.com\\\/en\\\/our-rooms\\\/chambre-ossau\\\/#primaryimage\"},\"thumbnailUrl\":\"https:\\\/\\\/www.chateau-de-druon.com\\\/wp-content\\\/uploads\\\/2018\\\/06\\\/Chateau-Druon-Chambre-Ossau-1.jpg\",\"datePublished\":\"2018-06-29T12:38:42+00:00\",\"dateModified\":\"2020-10-26T11:30:03+00:00\",\"description\":\"La chambre d'h\u00f4tes Ossau, \u00e0 l'esprit nature, dispose de lits \u00e9lectriques et offre une vue sur le parc du ch\u00e2teau et sur la cha\u00eene des Pyr\u00e9n\u00e9es.\",\"breadcrumb\":{\"@id\":\"https:\\\/\\\/www.chateau-de-druon.com\\\/en\\\/our-rooms\\\/chambre-ossau\\\/#breadcrumb\"},\"inLanguage\":\"en-US\",\"potentialAction\":[{\"@type\":\"ReadAction\",\"target\":[\"https:\\\/\\\/www.chateau-de-druon.com\\\/en\\\/our-rooms\\\/chambre-ossau\\\/\"]}]},{\"@type\":\"ImageObject\",\"inLanguage\":\"en-US\",\"@id\":\"https:\\\/\\\/www.chateau-de-druon.com\\\/en\\\/our-rooms\\\/chambre-ossau\\\/#primaryimage\",\"url\":\"https:\\\/\\\/www.chateau-de-druon.com\\\/wp-content\\\/uploads\\\/2018\\\/06\\\/Chateau-Druon-Chambre-Ossau-1.jpg\",\"contentUrl\":\"https:\\\/\\\/www.chateau-de-druon.com\\\/wp-content\\\/uploads\\\/2018\\\/06\\\/Chateau-Druon-Chambre-Ossau-1.jpg\",\"width\":2800,\"height\":1004},{\"@type\":\"BreadcrumbList\",\"@id\":\"https:\\\/\\\/www.chateau-de-druon.com\\\/en\\\/our-rooms\\\/chambre-ossau\\\/#breadcrumb\",\"itemListElement\":[{\"@type\":\"ListItem\",\"position\":1,\"name\":\"Accueil\",\"item\":\"https:\\\/\\\/www.chateau-de-druon.com\\\/en\\\/\"},{\"@type\":\"ListItem\",\"position\":2,\"name\":\"R\u00e9servation\",\"item\":\"https:\\\/\\\/www.chateau-de-druon.com\\\/reservation\\\/\"},{\"@type\":\"ListItem\",\"position\":3,\"name\":\"Chambre Ossau\"}]},{\"@type\":\"WebSite\",\"@id\":\"https:\\\/\\\/www.chateau-de-druon.com\\\/#website\",\"url\":\"https:\\\/\\\/www.chateau-de-druon.com\\\/\",\"name\":\"Ch\u00e2teau De Druon\",\"description\":\"Chambre d&#039;h\u00f4tes au Ch\u00e2teau | Vall\u00e9e d&#039;Ossau | Pyr\u00e9n\u00e9es-Atlantiques\",\"publisher\":{\"@id\":\"https:\\\/\\\/www.chateau-de-druon.com\\\/#organization\"},\"potentialAction\":[{\"@type\":\"SearchAction\",\"target\":{\"@type\":\"EntryPoint\",\"urlTemplate\":\"https:\\\/\\\/www.chateau-de-druon.com\\\/?s={search_term_string}\"},\"query-input\":{\"@type\":\"PropertyValueSpecification\",\"valueRequired\":true,\"valueName\":\"search_term_string\"}}],\"inLanguage\":\"en-US\"},{\"@type\":\"Organization\",\"@id\":\"https:\\\/\\\/www.chateau-de-druon.com\\\/#organization\",\"name\":\"Ch\u00e2teau de Druon\",\"url\":\"https:\\\/\\\/www.chateau-de-druon.com\\\/\",\"logo\":{\"@type\":\"ImageObject\",\"inLanguage\":\"en-US\",\"@id\":\"https:\\\/\\\/www.chateau-de-druon.com\\\/#\\\/schema\\\/logo\\\/image\\\/\",\"url\":\"https:\\\/\\\/www.chateau-de-druon.com\\\/wp-content\\\/uploads\\\/2018\\\/05\\\/logo-footer.png\",\"contentUrl\":\"https:\\\/\\\/www.chateau-de-druon.com\\\/wp-content\\\/uploads\\\/2018\\\/05\\\/logo-footer.png\",\"width\":331,\"height\":248,\"caption\":\"Ch\u00e2teau de Druon\"},\"image\":{\"@id\":\"https:\\\/\\\/www.chateau-de-druon.com\\\/#\\\/schema\\\/logo\\\/image\\\/\"}}]}<\/script>\n<!-- \/ Yoast SEO plugin. -->","yoast_head_json":{"title":"Chambre Ossau en location au Ch\u00e2teau de Druon - Pyr\u00e9n\u00e9es","description":"La chambre d'h\u00f4tes Ossau, \u00e0 l'esprit nature, dispose de lits \u00e9lectriques et offre une vue sur le parc du ch\u00e2teau et sur la cha\u00eene des Pyr\u00e9n\u00e9es.","robots":{"index":"index","follow":"follow","max-snippet":"max-snippet:-1","max-image-preview":"max-image-preview:large","max-video-preview":"max-video-preview:-1"},"canonical":"https:\/\/www.chateau-de-druon.com\/en\/our-rooms\/chambre-ossau\/","og_locale":"en_US","og_type":"article","og_title":"Chambre Ossau en location au Ch\u00e2teau de Druon - Pyr\u00e9n\u00e9es","og_description":"La chambre d'h\u00f4tes Ossau, \u00e0 l'esprit nature, dispose de lits \u00e9lectriques et offre une vue sur le parc du ch\u00e2teau et sur la cha\u00eene des Pyr\u00e9n\u00e9es.","og_url":"https:\/\/www.chateau-de-druon.com\/en\/our-rooms\/chambre-ossau\/","og_site_name":"Ch\u00e2teau De Druon","article_modified_time":"2020-10-26T11:30:03+00:00","og_image":[{"width":2800,"height":1004,"url":"https:\/\/www.chateau-de-druon.com\/wp-content\/uploads\/2018\/06\/Chateau-Druon-Chambre-Ossau-1.jpg","type":"image\/jpeg"}],"twitter_card":"summary_large_image","schema":{"@context":"https:\/\/schema.org","@graph":[{"@type":"WebPage","@id":"https:\/\/www.chateau-de-druon.com\/en\/our-rooms\/chambre-ossau\/","url":"https:\/\/www.chateau-de-druon.com\/en\/our-rooms\/chambre-ossau\/","name":"Chambre Ossau en location au Ch\u00e2teau de Druon - Pyr\u00e9n\u00e9es","isPartOf":{"@id":"https:\/\/www.chateau-de-druon.com\/#website"},"primaryImageOfPage":{"@id":"https:\/\/www.chateau-de-druon.com\/en\/our-rooms\/chambre-ossau\/#primaryimage"},"image":{"@id":"https:\/\/www.chateau-de-druon.com\/en\/our-rooms\/chambre-ossau\/#primaryimage"},"thumbnailUrl":"https:\/\/www.chateau-de-druon.com\/wp-content\/uploads\/2018\/06\/Chateau-Druon-Chambre-Ossau-1.jpg","datePublished":"2018-06-29T12:38:42+00:00","dateModified":"2020-10-26T11:30:03+00:00","description":"La chambre d'h\u00f4tes Ossau, \u00e0 l'esprit nature, dispose de lits \u00e9lectriques et offre une vue sur le parc du ch\u00e2teau et sur la cha\u00eene des Pyr\u00e9n\u00e9es.","breadcrumb":{"@id":"https:\/\/www.chateau-de-druon.com\/en\/our-rooms\/chambre-ossau\/#breadcrumb"},"inLanguage":"en-US","potentialAction":[{"@type":"ReadAction","target":["https:\/\/www.chateau-de-druon.com\/en\/our-rooms\/chambre-ossau\/"]}]},{"@type":"ImageObject","inLanguage":"en-US","@id":"https:\/\/www.chateau-de-druon.com\/en\/our-rooms\/chambre-ossau\/#primaryimage","url":"https:\/\/www.chateau-de-druon.com\/wp-content\/uploads\/2018\/06\/Chateau-Druon-Chambre-Ossau-1.jpg","contentUrl":"https:\/\/www.chateau-de-druon.com\/wp-content\/uploads\/2018\/06\/Chateau-Druon-Chambre-Ossau-1.jpg","width":2800,"height":1004},{"@type":"BreadcrumbList","@id":"https:\/\/www.chateau-de-druon.com\/en\/our-rooms\/chambre-ossau\/#breadcrumb","itemListElement":[{"@type":"ListItem","position":1,"name":"Accueil","item":"https:\/\/www.chateau-de-druon.com\/en\/"},{"@type":"ListItem","position":2,"name":"R\u00e9servation","item":"https:\/\/www.chateau-de-druon.com\/reservation\/"},{"@type":"ListItem","position":3,"name":"Chambre Ossau"}]},{"@type":"WebSite","@id":"https:\/\/www.chateau-de-druon.com\/#website","url":"https:\/\/www.chateau-de-druon.com\/","name":"Ch\u00e2teau De Druon","description":"Chambre d&#039;h\u00f4tes au Ch\u00e2teau | Vall\u00e9e d&#039;Ossau | Pyr\u00e9n\u00e9es-Atlantiques","publisher":{"@id":"https:\/\/www.chateau-de-druon.com\/#organization"},"potentialAction":[{"@type":"SearchAction","target":{"@type":"EntryPoint","urlTemplate":"https:\/\/www.chateau-de-druon.com\/?s={search_term_string}"},"query-input":{"@type":"PropertyValueSpecification","valueRequired":true,"valueName":"search_term_string"}}],"inLanguage":"en-US"},{"@type":"Organization","@id":"https:\/\/www.chateau-de-druon.com\/#organization","name":"Ch\u00e2teau de Druon","url":"https:\/\/www.chateau-de-druon.com\/","logo":{"@type":"ImageObject","inLanguage":"en-US","@id":"https:\/\/www.chateau-de-druon.com\/#\/schema\/logo\/image\/","url":"https:\/\/www.chateau-de-druon.com\/wp-content\/uploads\/2018\/05\/logo-footer.png","contentUrl":"https:\/\/www.chateau-de-druon.com\/wp-content\/uploads\/2018\/05\/logo-footer.png","width":331,"height":248,"caption":"Ch\u00e2teau de Druon"},"image":{"@id":"https:\/\/www.chateau-de-druon.com\/#\/schema\/logo\/image\/"}}]}},"_links":{"self":[{"href":"https:\/\/www.chateau-de-druon.com\/en\/wp-json\/wp\/v2\/product\/584","targetHints":{"allow":["GET"]}}],"collection":[{"href":"https:\/\/www.chateau-de-druon.com\/en\/wp-json\/wp\/v2\/product"}],"about":[{"href":"https:\/\/www.chateau-de-druon.com\/en\/wp-json\/wp\/v2\/types\/product"}],"wp:featuredmedia":[{"embeddable":true,"href":"https:\/\/www.chateau-de-druon.com\/en\/wp-json\/wp\/v2\/media\/585"}],"wp:attachment":[{"href":"https:\/\/www.chateau-de-druon.com\/en\/wp-json\/wp\/v2\/media?parent=584"}],"wp:term":[{"taxonomy":"product_brand","embeddable":true,"href":"https:\/\/www.chateau-de-druon.com\/en\/wp-json\/wp\/v2\/product_brand?post=584"},{"taxonomy":"product_cat","embeddable":true,"href":"https:\/\/www.chateau-de-druon.com\/en\/wp-json\/wp\/v2\/product_cat?post=584"},{"taxonomy":"product_tag","embeddable":true,"href":"https:\/\/www.chateau-de-druon.com\/en\/wp-json\/wp\/v2\/product_tag?post=584"}],"curies":[{"name":"wp","href":"https:\/\/api.w.org\/{rel}","templated":true}]}}