{"id":690,"date":"2018-11-25T16:55:20","date_gmt":"2018-11-25T15:55:20","guid":{"rendered":"https:\/\/www.chateau-de-druon.com\/our-rooms\/"},"modified":"2023-09-20T11:44:10","modified_gmt":"2023-09-20T09:44:10","slug":"our-rooms","status":"publish","type":"page","link":"https:\/\/www.chateau-de-druon.com\/en\/our-rooms\/","title":{"rendered":"Our Rooms"},"content":{"rendered":"<h1>Our rooms<\/h1>\n<p>In the heart of the Ch\u00e2teau<\/p>\n<h2>More than just a Night in a Ch\u00e2teau! The discovery of a splendid mountain Park with a breathtaking view amid year-old trees<\/h2>\n<p>The Ch\u00e2teau has a choice of 7 different rooms but only 5 rooms can booked per night, in accordance with laws on Bed andBreakfast<\/p>\n<p>This is why your reservation needs to be confirmed by the owner before complete booking.<\/p>\n<p>All our rooms are equipped with their own bathroom and separate toilets.<\/p>\n<p>Flat-screen satellite TV are available in each rooms, and free Internet and Wifi is provided in the rooms and everywhere in the Ch\u00e2teau.<\/p>\n<ul data-height=\"270\" data-width=\"270\" data-shape=\"circle\">\n<li><a href=\"https:\/\/www.chateau-de-druon.com\/nos-chambres\/chambre-coeur\/\" target=\"\" rel=\"noopener\"><br \/>\n<img decoding=\"async\" src=\"https:\/\/www.chateau-de-druon.com\/wp-content\/uploads\/2018\/06\/Chateau-Druon-Chambre-Coeur-3-300x300.jpg\" alt=\"\" \/><\/a><\/p>\n<h3>Chambre Coeur<\/h3>\n<p>&nbsp;<\/li>\n<li><a href=\"https:\/\/www.chateau-de-druon.com\/nos-chambres\/chambre-amandiers\/\" target=\"\" rel=\"noopener\"><br \/>\n<img decoding=\"async\" src=\"https:\/\/www.chateau-de-druon.com\/wp-content\/uploads\/2018\/06\/Chateau-Druon-Chambre-Amandiers-6-300x300.jpg\" alt=\"\" \/><\/a><\/p>\n<h3>Chambre Amandiers<\/h3>\n<p>&nbsp;<\/li>\n<li><a href=\"https:\/\/www.chateau-de-druon.com\/nos-chambres\/chambre-ossau\/\" target=\"\" rel=\"noopener\"><br \/>\n<img decoding=\"async\" src=\"https:\/\/www.chateau-de-druon.com\/wp-content\/uploads\/2018\/06\/Chateau-Druon-Chambre-Ossau-2.jpg\" alt=\"\" \/><\/a><\/p>\n<h3>Chambre Ossau<\/h3>\n<p>&nbsp;<\/li>\n<li><a href=\"https:\/\/www.chateau-de-druon.com\/nos-chambres\/chambre-empire\/\" target=\"\" rel=\"noopener\"><br \/>\n<img decoding=\"async\" src=\"https:\/\/www.chateau-de-druon.com\/wp-content\/uploads\/2018\/06\/Chateau-Druon-Chambre-Empire-1-300x300.jpg\" alt=\"\" \/><\/a><\/p>\n<h3>Chambre Empire<\/h3>\n<p>&nbsp;<\/li>\n<li><a href=\"https:\/\/www.chateau-de-druon.com\/nos-chambres\/chambre-20eme\/\" target=\"\" rel=\"noopener\"><br \/>\n<img decoding=\"async\" src=\"https:\/\/www.chateau-de-druon.com\/wp-content\/uploads\/2018\/06\/Chateau-Druon-Chambre-20eme-24-300x300.jpg\" alt=\"\" \/><\/a><\/p>\n<h3>Chambre 20<sup>\u00e8me<\/sup><\/h3>\n<p>&nbsp;<\/li>\n<li><a href=\"https:\/\/www.chateau-de-druon.com\/nos-chambres\/chambre-le-donjon\/\" target=\"\" rel=\"noopener\"><br \/>\n<img decoding=\"async\" src=\"https:\/\/www.chateau-de-druon.com\/wp-content\/uploads\/2018\/06\/Chateau-Druon-Chambre-Donjon-16-300x300.jpg\" alt=\"\" \/><\/a><\/p>\n<h3>Donjon<\/h3>\n<p>&nbsp;<\/li>\n<li><a href=\"https:\/\/www.chateau-de-druon.com\/nos-chambres\/suite-cerf\/\" target=\"\" rel=\"noopener\"><br \/>\n<img decoding=\"async\" src=\"https:\/\/www.chateau-de-druon.com\/wp-content\/uploads\/2018\/06\/Chateau-Druon-Chambre-Cerf-31-300x300.jpg\" alt=\"\" \/><\/a><\/p>\n<h3>Suite Cerf<\/h3>\n<p>&nbsp;<\/li>\n<\/ul>\n","protected":false},"excerpt":{"rendered":"<p>Our rooms In the heart of the Ch\u00e2teau More than just a Night in a Ch\u00e2teau! The discovery of a splendid mountain Park with a breathtaking view amid year-old trees The Ch\u00e2teau has a choice of 7 different rooms but only 5 rooms can booked per night, in accordance with laws on Bed andBreakfast This&hellip;<\/p>\n","protected":false},"author":1,"featured_media":0,"parent":0,"menu_order":20,"comment_status":"closed","ping_status":"closed","template":"","meta":{"_acf_changed":false,"footnotes":""},"class_list":["post-690","page","type-page","status-publish","hentry"],"acf":[],"yoast_head":"<!-- This site is optimized with the Yoast SEO plugin v27.5 - https:\/\/yoast.com\/product\/yoast-seo-wordpress\/ -->\n<title>Chambres d&#039;h\u00f4tes de luxe au Ch\u00e2teau de Druon dans les Pyr\u00e9n\u00e9es - 64<\/title>\n<meta name=\"description\" content=\"Elisabeth et Gilles vous accueillent dans leurs chambres d&#039;h\u00f4tes au Chateau, au coeur des Pyr\u00e9n\u00e9es pour un s\u00e9jour inoubliable.\" \/>\n<meta name=\"robots\" content=\"index, follow, max-snippet:-1, max-image-preview:large, max-video-preview:-1\" \/>\n<link rel=\"canonical\" href=\"https:\/\/www.chateau-de-druon.com\/en\/our-rooms\/\" \/>\n<meta property=\"og:locale\" content=\"en_US\" \/>\n<meta property=\"og:type\" content=\"article\" \/>\n<meta property=\"og:title\" content=\"Chambres d&#039;h\u00f4tes de luxe au Ch\u00e2teau de Druon dans les Pyr\u00e9n\u00e9es - 64\" \/>\n<meta property=\"og:description\" content=\"Elisabeth et Gilles vous accueillent dans leurs chambres d&#039;h\u00f4tes au Chateau, au coeur des Pyr\u00e9n\u00e9es pour un s\u00e9jour inoubliable.\" \/>\n<meta property=\"og:url\" content=\"https:\/\/www.chateau-de-druon.com\/en\/our-rooms\/\" \/>\n<meta property=\"og:site_name\" content=\"Ch\u00e2teau De Druon\" \/>\n<meta property=\"article:modified_time\" content=\"2023-09-20T09:44:10+00:00\" \/>\n<meta property=\"og:image\" content=\"https:\/\/www.chateau-de-druon.com\/wp-content\/uploads\/2018\/06\/Chateau-Druon-Chambre-Coeur-3-300x300.jpg\" \/>\n<meta name=\"twitter:card\" content=\"summary_large_image\" \/>\n<meta name=\"twitter:label1\" content=\"Est. reading time\" \/>\n\t<meta name=\"twitter:data1\" content=\"3 minutes\" \/>\n<script type=\"application\/ld+json\" class=\"yoast-schema-graph\">{\"@context\":\"https:\\\/\\\/schema.org\",\"@graph\":[{\"@type\":\"WebPage\",\"@id\":\"https:\\\/\\\/www.chateau-de-druon.com\\\/en\\\/our-rooms\\\/\",\"url\":\"https:\\\/\\\/www.chateau-de-druon.com\\\/en\\\/our-rooms\\\/\",\"name\":\"Chambres d'h\u00f4tes de luxe au Ch\u00e2teau de Druon dans les Pyr\u00e9n\u00e9es - 64\",\"isPartOf\":{\"@id\":\"https:\\\/\\\/www.chateau-de-druon.com\\\/#website\"},\"primaryImageOfPage\":{\"@id\":\"https:\\\/\\\/www.chateau-de-druon.com\\\/en\\\/our-rooms\\\/#primaryimage\"},\"image\":{\"@id\":\"https:\\\/\\\/www.chateau-de-druon.com\\\/en\\\/our-rooms\\\/#primaryimage\"},\"thumbnailUrl\":\"https:\\\/\\\/www.chateau-de-druon.com\\\/wp-content\\\/uploads\\\/2018\\\/06\\\/Chateau-Druon-Chambre-Coeur-3-300x300.jpg\",\"datePublished\":\"2018-11-25T15:55:20+00:00\",\"dateModified\":\"2023-09-20T09:44:10+00:00\",\"description\":\"Elisabeth et Gilles vous accueillent dans leurs chambres d'h\u00f4tes au Chateau, au coeur des Pyr\u00e9n\u00e9es pour un s\u00e9jour inoubliable.\",\"breadcrumb\":{\"@id\":\"https:\\\/\\\/www.chateau-de-druon.com\\\/en\\\/our-rooms\\\/#breadcrumb\"},\"inLanguage\":\"en-US\",\"potentialAction\":[{\"@type\":\"ReadAction\",\"target\":[\"https:\\\/\\\/www.chateau-de-druon.com\\\/en\\\/our-rooms\\\/\"]}]},{\"@type\":\"ImageObject\",\"inLanguage\":\"en-US\",\"@id\":\"https:\\\/\\\/www.chateau-de-druon.com\\\/en\\\/our-rooms\\\/#primaryimage\",\"url\":\"https:\\\/\\\/www.chateau-de-druon.com\\\/wp-content\\\/uploads\\\/2018\\\/06\\\/Chateau-Druon-Chambre-Coeur-3-300x300.jpg\",\"contentUrl\":\"https:\\\/\\\/www.chateau-de-druon.com\\\/wp-content\\\/uploads\\\/2018\\\/06\\\/Chateau-Druon-Chambre-Coeur-3-300x300.jpg\"},{\"@type\":\"BreadcrumbList\",\"@id\":\"https:\\\/\\\/www.chateau-de-druon.com\\\/en\\\/our-rooms\\\/#breadcrumb\",\"itemListElement\":[{\"@type\":\"ListItem\",\"position\":1,\"name\":\"Accueil\",\"item\":\"https:\\\/\\\/www.chateau-de-druon.com\\\/en\\\/\"},{\"@type\":\"ListItem\",\"position\":2,\"name\":\"Our Rooms\"}]},{\"@type\":\"WebSite\",\"@id\":\"https:\\\/\\\/www.chateau-de-druon.com\\\/#website\",\"url\":\"https:\\\/\\\/www.chateau-de-druon.com\\\/\",\"name\":\"Ch\u00e2teau De Druon\",\"description\":\"Chambre d&#039;h\u00f4tes au Ch\u00e2teau | Vall\u00e9e d&#039;Ossau | Pyr\u00e9n\u00e9es-Atlantiques\",\"publisher\":{\"@id\":\"https:\\\/\\\/www.chateau-de-druon.com\\\/#organization\"},\"potentialAction\":[{\"@type\":\"SearchAction\",\"target\":{\"@type\":\"EntryPoint\",\"urlTemplate\":\"https:\\\/\\\/www.chateau-de-druon.com\\\/?s={search_term_string}\"},\"query-input\":{\"@type\":\"PropertyValueSpecification\",\"valueRequired\":true,\"valueName\":\"search_term_string\"}}],\"inLanguage\":\"en-US\"},{\"@type\":\"Organization\",\"@id\":\"https:\\\/\\\/www.chateau-de-druon.com\\\/#organization\",\"name\":\"Ch\u00e2teau de Druon\",\"url\":\"https:\\\/\\\/www.chateau-de-druon.com\\\/\",\"logo\":{\"@type\":\"ImageObject\",\"inLanguage\":\"en-US\",\"@id\":\"https:\\\/\\\/www.chateau-de-druon.com\\\/#\\\/schema\\\/logo\\\/image\\\/\",\"url\":\"https:\\\/\\\/www.chateau-de-druon.com\\\/wp-content\\\/uploads\\\/2018\\\/05\\\/logo-footer.png\",\"contentUrl\":\"https:\\\/\\\/www.chateau-de-druon.com\\\/wp-content\\\/uploads\\\/2018\\\/05\\\/logo-footer.png\",\"width\":331,\"height\":248,\"caption\":\"Ch\u00e2teau de Druon\"},\"image\":{\"@id\":\"https:\\\/\\\/www.chateau-de-druon.com\\\/#\\\/schema\\\/logo\\\/image\\\/\"}}]}<\/script>\n<!-- \/ Yoast SEO plugin. -->","yoast_head_json":{"title":"Chambres d'h\u00f4tes de luxe au Ch\u00e2teau de Druon dans les Pyr\u00e9n\u00e9es - 64","description":"Elisabeth et Gilles vous accueillent dans leurs chambres d'h\u00f4tes au Chateau, au coeur des Pyr\u00e9n\u00e9es pour un s\u00e9jour inoubliable.","robots":{"index":"index","follow":"follow","max-snippet":"max-snippet:-1","max-image-preview":"max-image-preview:large","max-video-preview":"max-video-preview:-1"},"canonical":"https:\/\/www.chateau-de-druon.com\/en\/our-rooms\/","og_locale":"en_US","og_type":"article","og_title":"Chambres d'h\u00f4tes de luxe au Ch\u00e2teau de Druon dans les Pyr\u00e9n\u00e9es - 64","og_description":"Elisabeth et Gilles vous accueillent dans leurs chambres d'h\u00f4tes au Chateau, au coeur des Pyr\u00e9n\u00e9es pour un s\u00e9jour inoubliable.","og_url":"https:\/\/www.chateau-de-druon.com\/en\/our-rooms\/","og_site_name":"Ch\u00e2teau De Druon","article_modified_time":"2023-09-20T09:44:10+00:00","og_image":[{"url":"https:\/\/www.chateau-de-druon.com\/wp-content\/uploads\/2018\/06\/Chateau-Druon-Chambre-Coeur-3-300x300.jpg","type":"","width":"","height":""}],"twitter_card":"summary_large_image","twitter_misc":{"Est. reading time":"3 minutes"},"schema":{"@context":"https:\/\/schema.org","@graph":[{"@type":"WebPage","@id":"https:\/\/www.chateau-de-druon.com\/en\/our-rooms\/","url":"https:\/\/www.chateau-de-druon.com\/en\/our-rooms\/","name":"Chambres d'h\u00f4tes de luxe au Ch\u00e2teau de Druon dans les Pyr\u00e9n\u00e9es - 64","isPartOf":{"@id":"https:\/\/www.chateau-de-druon.com\/#website"},"primaryImageOfPage":{"@id":"https:\/\/www.chateau-de-druon.com\/en\/our-rooms\/#primaryimage"},"image":{"@id":"https:\/\/www.chateau-de-druon.com\/en\/our-rooms\/#primaryimage"},"thumbnailUrl":"https:\/\/www.chateau-de-druon.com\/wp-content\/uploads\/2018\/06\/Chateau-Druon-Chambre-Coeur-3-300x300.jpg","datePublished":"2018-11-25T15:55:20+00:00","dateModified":"2023-09-20T09:44:10+00:00","description":"Elisabeth et Gilles vous accueillent dans leurs chambres d'h\u00f4tes au Chateau, au coeur des Pyr\u00e9n\u00e9es pour un s\u00e9jour inoubliable.","breadcrumb":{"@id":"https:\/\/www.chateau-de-druon.com\/en\/our-rooms\/#breadcrumb"},"inLanguage":"en-US","potentialAction":[{"@type":"ReadAction","target":["https:\/\/www.chateau-de-druon.com\/en\/our-rooms\/"]}]},{"@type":"ImageObject","inLanguage":"en-US","@id":"https:\/\/www.chateau-de-druon.com\/en\/our-rooms\/#primaryimage","url":"https:\/\/www.chateau-de-druon.com\/wp-content\/uploads\/2018\/06\/Chateau-Druon-Chambre-Coeur-3-300x300.jpg","contentUrl":"https:\/\/www.chateau-de-druon.com\/wp-content\/uploads\/2018\/06\/Chateau-Druon-Chambre-Coeur-3-300x300.jpg"},{"@type":"BreadcrumbList","@id":"https:\/\/www.chateau-de-druon.com\/en\/our-rooms\/#breadcrumb","itemListElement":[{"@type":"ListItem","position":1,"name":"Accueil","item":"https:\/\/www.chateau-de-druon.com\/en\/"},{"@type":"ListItem","position":2,"name":"Our Rooms"}]},{"@type":"WebSite","@id":"https:\/\/www.chateau-de-druon.com\/#website","url":"https:\/\/www.chateau-de-druon.com\/","name":"Ch\u00e2teau De Druon","description":"Chambre d&#039;h\u00f4tes au Ch\u00e2teau | Vall\u00e9e d&#039;Ossau | Pyr\u00e9n\u00e9es-Atlantiques","publisher":{"@id":"https:\/\/www.chateau-de-druon.com\/#organization"},"potentialAction":[{"@type":"SearchAction","target":{"@type":"EntryPoint","urlTemplate":"https:\/\/www.chateau-de-druon.com\/?s={search_term_string}"},"query-input":{"@type":"PropertyValueSpecification","valueRequired":true,"valueName":"search_term_string"}}],"inLanguage":"en-US"},{"@type":"Organization","@id":"https:\/\/www.chateau-de-druon.com\/#organization","name":"Ch\u00e2teau de Druon","url":"https:\/\/www.chateau-de-druon.com\/","logo":{"@type":"ImageObject","inLanguage":"en-US","@id":"https:\/\/www.chateau-de-druon.com\/#\/schema\/logo\/image\/","url":"https:\/\/www.chateau-de-druon.com\/wp-content\/uploads\/2018\/05\/logo-footer.png","contentUrl":"https:\/\/www.chateau-de-druon.com\/wp-content\/uploads\/2018\/05\/logo-footer.png","width":331,"height":248,"caption":"Ch\u00e2teau de Druon"},"image":{"@id":"https:\/\/www.chateau-de-druon.com\/#\/schema\/logo\/image\/"}}]}},"_links":{"self":[{"href":"https:\/\/www.chateau-de-druon.com\/en\/wp-json\/wp\/v2\/pages\/690","targetHints":{"allow":["GET"]}}],"collection":[{"href":"https:\/\/www.chateau-de-druon.com\/en\/wp-json\/wp\/v2\/pages"}],"about":[{"href":"https:\/\/www.chateau-de-druon.com\/en\/wp-json\/wp\/v2\/types\/page"}],"author":[{"embeddable":true,"href":"https:\/\/www.chateau-de-druon.com\/en\/wp-json\/wp\/v2\/users\/1"}],"replies":[{"embeddable":true,"href":"https:\/\/www.chateau-de-druon.com\/en\/wp-json\/wp\/v2\/comments?post=690"}],"version-history":[{"count":3,"href":"https:\/\/www.chateau-de-druon.com\/en\/wp-json\/wp\/v2\/pages\/690\/revisions"}],"predecessor-version":[{"id":2463,"href":"https:\/\/www.chateau-de-druon.com\/en\/wp-json\/wp\/v2\/pages\/690\/revisions\/2463"}],"wp:attachment":[{"href":"https:\/\/www.chateau-de-druon.com\/en\/wp-json\/wp\/v2\/media?parent=690"}],"curies":[{"name":"wp","href":"https:\/\/api.w.org\/{rel}","templated":true}]}}