{"id":676,"date":"2018-11-25T16:30:56","date_gmt":"2018-11-25T15:30:56","guid":{"rendered":"https:\/\/www.chateau-de-druon.com\/activities\/"},"modified":"2019-02-08T11:12:17","modified_gmt":"2019-02-08T10:12:17","slug":"activities","status":"publish","type":"page","link":"https:\/\/www.chateau-de-druon.com\/en\/activities\/","title":{"rendered":"Activities"},"content":{"rendered":"<h1>\n\t\tActivities and Leisures nearby the Ch\u00e2teau \n\t<\/h1>\n\t<p>Our situation, nestled in the Ossau valley, at the foot of the Pyrenees,\u00a0 500 meters altitude, allows the performance of multiple outdoor activities.<\/p>\n<p>Here is\u00a0 a short list of Leisures and Activities available nearby the Ch\u00e2teau<\/p>\n\t<h2>\n\t\t\t\tHiking\n\t\t\t<\/h2>\n\t<p>Take advantage of the many suggestions of Hikes in the Ossau valley and other valleys around .These valleys are full of natural wonders that you will discover by following the hiking trail.<\/p>\n<p>We particularly recommend the beautiful walk around the <strong>Ayous Lakes <\/strong>offering an unbelievable view over the <strong>Pic du Midi<\/strong> <strong>d&#8217;Ossau<\/strong>, also called the <em>Jean Pierre<\/em> by the locals.<\/p>\n\t\t\t\t<a href=\"https:\/\/www.chateau-de-druon.com\/wp-content\/uploads\/2018\/06\/pic-midi-ossau.jpg\" target=\"_self\"  itemprop=\"url\">\n\t\t\t\t<img decoding=\"async\" src=\"https:\/\/www.chateau-de-druon.com\/wp-content\/uploads\/bb-plugin\/cache\/pic-midi-ossau-circle.jpg\" alt=\"Les lacs d'Ayous\" itemprop=\"image\"  \/>\n\t\t\t\t\t\t<\/a>\n\t\tLes lacs d&#8217;Ayous\n\t<p>A few kilometers awy the Aspe valley has also a lot to offer :<\/p>\n<p>Discover the\u00a0<strong> Lescun Cirque Rock formations <\/strong>where you will contemplate the dolomitic peaks overlooking the houses of the old mountain village of Lescun, or the Chemin de M\u00e2ture, a steep path built on the cliff-side.<\/p>\n\t<h2>\n\t\t\t\tFishing\n\t\t\t<\/h2>\n\t<p>Torrents, rivers, mountain lakes, constructed water bodies &#8230; The Pyr\u00e9n\u00e9es offer a fantastic selection of fthe best fishing spots.<\/p>\n<p>The rivers are called <strong>Gave <\/strong>and are flowing through the 3 valleys (Ossau, Aspe, Baretous) to finally\u00a0 merge into the Adour.<\/p>\n<p>The Ch\u00e2teau de Druon is 500 meters from the <strong>Gave d&#8217;Ossau<\/strong>.<\/p>\n\t\t\t\t<a href=\"https:\/\/www.chateau-de-druon.com\/wp-content\/uploads\/2018\/06\/peche.jpg\" target=\"_self\"  itemprop=\"url\">\n\t\t\t\t<img decoding=\"async\" src=\"https:\/\/www.chateau-de-druon.com\/wp-content\/uploads\/bb-plugin\/cache\/peche-circle.jpg\" alt=\"P\u00eache sur le gave d'Oloron\" itemprop=\"image\"  \/>\n\t\t\t\t\t\t<\/a>\n\t\tP\u00eache sur le gave d&#8217;Oloron\n\t<p>Different kind of fishing are available in\u00a0 the region.<\/p>\n<p>Fly fishing, Lakes fishing, Trout fishing, and in the mountain, multiple torrents and waterfalls with fast current make it an unforgettable experience<\/p>\n\t<h2>\n\t\t\t\tCycling \/ Motor biking\n\t\t\t<\/h2>\n\t<p>Cycling the mythic Pyr\u00e9n\u00e9es around the legendary cols of the Tour de France :<\/p>\n<p><strong>L&#8217;Aubisque, Tourmalet, Soulor<\/strong><\/p>\n<p>And many others where you will find incredible circuits through rolling mountains and emerald green valleys and discover the pastoral traditions and their particular charms within a preserved nature<\/p>\n\t\t\t\t<a href=\"https:\/\/www.chateau-de-druon.com\/wp-content\/uploads\/2018\/06\/cyclistes.jpg\" target=\"_self\"  itemprop=\"url\">\n\t\t\t\t<img decoding=\"async\" src=\"https:\/\/www.chateau-de-druon.com\/wp-content\/uploads\/bb-plugin\/cache\/cyclistes-circle.jpg\" alt=\"cyclistes\" itemprop=\"image\"  \/>\n\t\t\t\t\t\t<\/a>\n\t<h2>\n\t\t\t\tHorse riding\n\t\t\t<\/h2>\n\t<p>More than 130 km of bridle paths for horse riding available in Bearn-Pyr\u00e9n\u00e9es<\/p>\n\t\t\t\t<a href=\"https:\/\/www.chateau-de-druon.com\/wp-content\/uploads\/2018\/06\/cheval.jpg\" target=\"_self\"  itemprop=\"url\">\n\t\t\t\t<img decoding=\"async\" src=\"https:\/\/www.chateau-de-druon.com\/wp-content\/uploads\/bb-plugin\/cache\/cheval-circle.jpg\" alt=\"cheval\" itemprop=\"image\"  \/>\n\t\t\t\t\t\t<\/a>\n\t<h2>\n\t\t\t\tGolf\n\t\t\t<\/h2>\n\t<p>The <strong>Pau Golf Club<\/strong> (30 minutes away from the Ch\u00e2teau), is the oldest club in continental Europe and the first open outside Great Britain. It is an 18-hole-golf course<\/p>\n<p>Another Golf club is available with an 18-hole-course the <strong>Golf Blue Green de Pau Artiguelouve<\/strong><\/p>\n\t\t\t\t<a href=\"https:\/\/www.chateau-de-druon.com\/wp-content\/uploads\/2018\/06\/golf.jpg\" target=\"_self\"  itemprop=\"url\">\n\t\t\t\t<img decoding=\"async\" src=\"https:\/\/www.chateau-de-druon.com\/wp-content\/uploads\/bb-plugin\/cache\/golf-circle.jpg\" alt=\"golf\" itemprop=\"image\"  \/>\n\t\t\t\t\t\t<\/a>\n\t<h2>\n\t\t\t\tOurdoor \/ Climbing\n\t\t\t<\/h2>\n\t<p>Many natural climbing spots are nearby S\u00e9vignacq-Meyracq (less than 20 minutes drive) :<strong>Le Rocher d&#8217;Achary, le Rocher du Bouvier, la Fonderie, le Cirque d&#8217;Anglas, le Rocher Blanc&#8230;<\/strong><\/p>\n<p>Different outdoor activities are popular in the Pyr\u00e9n\u00e9es such as Canyoning, Speleology, Paragliding.<\/p>\n\t<h2>\n\t\t\t\tSkying\n\t\t\t<\/h2>\n\t<p>Different Sky resorts near the Ch\u00e2teau, in the Ossau valley.<\/p>\n<p><strong>Gourette<\/strong> and its modern equipments entirely re designed to make it one of the biggest station of the region.<\/p>\n<p><strong>Artouste<\/strong> with 14 pists and one snow cross pist on a ski area of 150 hectares<\/p>\n<p><strong>Le somport<\/strong> et <strong>Issarbe<\/strong> also famous for the Nordic Skying<\/p>\n<p><strong>Formigal<\/strong>, first and biggest Spanish Sky resort with its 140km skying slopes<\/p>\n\t<h2>\n\t\t\t\tDownhill canyoning\n\t\t\t<\/h2>\n\t<p>The Gave de Pau, Oloron, Aspe et Ossau are powerful rivers suitable for water sports such as Hydrospeed, downhill canyoning and Canoeing.<\/p>\n\t<h2>\n\t\t\t\tL&#8217;\u00e9t\u00e9 Ossalois\n\t\t\t<\/h2>\n\t<p>L&#8217;\u00e9t\u00e9 Ossalois, is a cultural program proposed by the Communaut\u00e9 de Communes of the Ossau valley during the summer period.<\/p>\n\t\t\t<a href=\"https:\/\/www.eteossalois.fr\/\" target=\"_blank\" role=\"button\" rel=\"noopener\" >\n\t\t\t\t\t\tL&#8217;\u00e9t\u00e9 Ossalois : www.eteossalois.fr\n\t\t\t\t\t<\/a>\n\t<h2>\n\t\t\t\tTurist Office\n\t\t\t<\/h2>\n\t<p>The Tourist Office of the Ossau Valley collects and lists all the activities and events of the Valley. Do not hesitate to go to their website:<\/p>\n\t\t\t<a href=\"https:\/\/www.valleedossau-tourisme.com\/\" target=\"_blank\" role=\"button\" rel=\"noopener\" >\n\t\t\t\t\t\tTourist office of the Ossau valley : www.valleedossau-tourisme.com\n\t\t\t\t\t<\/a>\n","protected":false},"excerpt":{"rendered":"<p>Activities and Leisures nearby the Ch\u00e2teau Our situation, nestled in the Ossau valley, at the foot of the Pyrenees,\u00a0 500 meters altitude, allows the performance of multiple outdoor activities. Here is\u00a0 a short list of Leisures and Activities available nearby the Ch\u00e2teau Hiking Take advantage of the many suggestions of Hikes in the Ossau valley&hellip;<\/p>\n","protected":false},"author":1,"featured_media":0,"parent":0,"menu_order":40,"comment_status":"closed","ping_status":"closed","template":"","meta":{"_acf_changed":false,"footnotes":""},"class_list":["post-676","page","type-page","status-publish","hentry"],"acf":[],"yoast_head":"<!-- This site is optimized with the Yoast SEO plugin v27.5 - https:\/\/yoast.com\/product\/yoast-seo-wordpress\/ -->\n<title>Activities near the Ch\u00e2teau de Druon in the Pyrenees<\/title>\n<meta name=\"description\" content=\"Activities for everyone near the Druon Castle, located in the Ossau Valley: hiking, fishing, skiing, climbing, cycling, golf, horse riding ...\" \/>\n<meta name=\"robots\" content=\"index, follow, max-snippet:-1, max-image-preview:large, max-video-preview:-1\" \/>\n<link rel=\"canonical\" href=\"https:\/\/www.chateau-de-druon.com\/en\/activities\/\" \/>\n<meta property=\"og:locale\" content=\"en_US\" \/>\n<meta property=\"og:type\" content=\"article\" \/>\n<meta property=\"og:title\" content=\"Activities near the Ch\u00e2teau de Druon in the Pyrenees\" \/>\n<meta property=\"og:description\" content=\"Activities for everyone near the Druon Castle, located in the Ossau Valley: hiking, fishing, skiing, climbing, cycling, golf, horse riding ...\" \/>\n<meta property=\"og:url\" content=\"https:\/\/www.chateau-de-druon.com\/en\/activities\/\" \/>\n<meta property=\"og:site_name\" content=\"Ch\u00e2teau De Druon\" \/>\n<meta property=\"article:modified_time\" content=\"2019-02-08T10:12:17+00:00\" \/>\n<meta property=\"og:image\" content=\"https:\/\/www.chateau-de-druon.com\/wp-content\/uploads\/bb-plugin\/cache\/pic-midi-ossau-circle.jpg\" \/>\n<meta name=\"twitter:card\" content=\"summary_large_image\" \/>\n<meta name=\"twitter:label1\" content=\"Est. reading time\" \/>\n\t<meta name=\"twitter:data1\" content=\"3 minutes\" \/>\n<script type=\"application\/ld+json\" class=\"yoast-schema-graph\">{\"@context\":\"https:\\\/\\\/schema.org\",\"@graph\":[{\"@type\":\"WebPage\",\"@id\":\"https:\\\/\\\/www.chateau-de-druon.com\\\/en\\\/activities\\\/\",\"url\":\"https:\\\/\\\/www.chateau-de-druon.com\\\/en\\\/activities\\\/\",\"name\":\"Activities near the Ch\u00e2teau de Druon in the Pyrenees\",\"isPartOf\":{\"@id\":\"https:\\\/\\\/www.chateau-de-druon.com\\\/#website\"},\"primaryImageOfPage\":{\"@id\":\"https:\\\/\\\/www.chateau-de-druon.com\\\/en\\\/activities\\\/#primaryimage\"},\"image\":{\"@id\":\"https:\\\/\\\/www.chateau-de-druon.com\\\/en\\\/activities\\\/#primaryimage\"},\"thumbnailUrl\":\"https:\\\/\\\/www.chateau-de-druon.com\\\/wp-content\\\/uploads\\\/bb-plugin\\\/cache\\\/pic-midi-ossau-circle.jpg\",\"datePublished\":\"2018-11-25T15:30:56+00:00\",\"dateModified\":\"2019-02-08T10:12:17+00:00\",\"description\":\"Activities for everyone near the Druon Castle, located in the Ossau Valley: hiking, fishing, skiing, climbing, cycling, golf, horse riding ...\",\"breadcrumb\":{\"@id\":\"https:\\\/\\\/www.chateau-de-druon.com\\\/en\\\/activities\\\/#breadcrumb\"},\"inLanguage\":\"en-US\",\"potentialAction\":[{\"@type\":\"ReadAction\",\"target\":[\"https:\\\/\\\/www.chateau-de-druon.com\\\/en\\\/activities\\\/\"]}]},{\"@type\":\"ImageObject\",\"inLanguage\":\"en-US\",\"@id\":\"https:\\\/\\\/www.chateau-de-druon.com\\\/en\\\/activities\\\/#primaryimage\",\"url\":\"https:\\\/\\\/www.chateau-de-druon.com\\\/wp-content\\\/uploads\\\/bb-plugin\\\/cache\\\/pic-midi-ossau-circle.jpg\",\"contentUrl\":\"https:\\\/\\\/www.chateau-de-druon.com\\\/wp-content\\\/uploads\\\/bb-plugin\\\/cache\\\/pic-midi-ossau-circle.jpg\"},{\"@type\":\"BreadcrumbList\",\"@id\":\"https:\\\/\\\/www.chateau-de-druon.com\\\/en\\\/activities\\\/#breadcrumb\",\"itemListElement\":[{\"@type\":\"ListItem\",\"position\":1,\"name\":\"Accueil\",\"item\":\"https:\\\/\\\/www.chateau-de-druon.com\\\/en\\\/\"},{\"@type\":\"ListItem\",\"position\":2,\"name\":\"Activities\"}]},{\"@type\":\"WebSite\",\"@id\":\"https:\\\/\\\/www.chateau-de-druon.com\\\/#website\",\"url\":\"https:\\\/\\\/www.chateau-de-druon.com\\\/\",\"name\":\"Ch\u00e2teau De Druon\",\"description\":\"Chambre d&#039;h\u00f4tes au Ch\u00e2teau | Vall\u00e9e d&#039;Ossau | Pyr\u00e9n\u00e9es-Atlantiques\",\"publisher\":{\"@id\":\"https:\\\/\\\/www.chateau-de-druon.com\\\/#organization\"},\"potentialAction\":[{\"@type\":\"SearchAction\",\"target\":{\"@type\":\"EntryPoint\",\"urlTemplate\":\"https:\\\/\\\/www.chateau-de-druon.com\\\/?s={search_term_string}\"},\"query-input\":{\"@type\":\"PropertyValueSpecification\",\"valueRequired\":true,\"valueName\":\"search_term_string\"}}],\"inLanguage\":\"en-US\"},{\"@type\":\"Organization\",\"@id\":\"https:\\\/\\\/www.chateau-de-druon.com\\\/#organization\",\"name\":\"Ch\u00e2teau de Druon\",\"url\":\"https:\\\/\\\/www.chateau-de-druon.com\\\/\",\"logo\":{\"@type\":\"ImageObject\",\"inLanguage\":\"en-US\",\"@id\":\"https:\\\/\\\/www.chateau-de-druon.com\\\/#\\\/schema\\\/logo\\\/image\\\/\",\"url\":\"https:\\\/\\\/www.chateau-de-druon.com\\\/wp-content\\\/uploads\\\/2018\\\/05\\\/logo-footer.png\",\"contentUrl\":\"https:\\\/\\\/www.chateau-de-druon.com\\\/wp-content\\\/uploads\\\/2018\\\/05\\\/logo-footer.png\",\"width\":331,\"height\":248,\"caption\":\"Ch\u00e2teau de Druon\"},\"image\":{\"@id\":\"https:\\\/\\\/www.chateau-de-druon.com\\\/#\\\/schema\\\/logo\\\/image\\\/\"}}]}<\/script>\n<!-- \/ Yoast SEO plugin. -->","yoast_head_json":{"title":"Activities near the Ch\u00e2teau de Druon in the Pyrenees","description":"Activities for everyone near the Druon Castle, located in the Ossau Valley: hiking, fishing, skiing, climbing, cycling, golf, horse riding ...","robots":{"index":"index","follow":"follow","max-snippet":"max-snippet:-1","max-image-preview":"max-image-preview:large","max-video-preview":"max-video-preview:-1"},"canonical":"https:\/\/www.chateau-de-druon.com\/en\/activities\/","og_locale":"en_US","og_type":"article","og_title":"Activities near the Ch\u00e2teau de Druon in the Pyrenees","og_description":"Activities for everyone near the Druon Castle, located in the Ossau Valley: hiking, fishing, skiing, climbing, cycling, golf, horse riding ...","og_url":"https:\/\/www.chateau-de-druon.com\/en\/activities\/","og_site_name":"Ch\u00e2teau De Druon","article_modified_time":"2019-02-08T10:12:17+00:00","og_image":[{"url":"https:\/\/www.chateau-de-druon.com\/wp-content\/uploads\/bb-plugin\/cache\/pic-midi-ossau-circle.jpg","type":"","width":"","height":""}],"twitter_card":"summary_large_image","twitter_misc":{"Est. reading time":"3 minutes"},"schema":{"@context":"https:\/\/schema.org","@graph":[{"@type":"WebPage","@id":"https:\/\/www.chateau-de-druon.com\/en\/activities\/","url":"https:\/\/www.chateau-de-druon.com\/en\/activities\/","name":"Activities near the Ch\u00e2teau de Druon in the Pyrenees","isPartOf":{"@id":"https:\/\/www.chateau-de-druon.com\/#website"},"primaryImageOfPage":{"@id":"https:\/\/www.chateau-de-druon.com\/en\/activities\/#primaryimage"},"image":{"@id":"https:\/\/www.chateau-de-druon.com\/en\/activities\/#primaryimage"},"thumbnailUrl":"https:\/\/www.chateau-de-druon.com\/wp-content\/uploads\/bb-plugin\/cache\/pic-midi-ossau-circle.jpg","datePublished":"2018-11-25T15:30:56+00:00","dateModified":"2019-02-08T10:12:17+00:00","description":"Activities for everyone near the Druon Castle, located in the Ossau Valley: hiking, fishing, skiing, climbing, cycling, golf, horse riding ...","breadcrumb":{"@id":"https:\/\/www.chateau-de-druon.com\/en\/activities\/#breadcrumb"},"inLanguage":"en-US","potentialAction":[{"@type":"ReadAction","target":["https:\/\/www.chateau-de-druon.com\/en\/activities\/"]}]},{"@type":"ImageObject","inLanguage":"en-US","@id":"https:\/\/www.chateau-de-druon.com\/en\/activities\/#primaryimage","url":"https:\/\/www.chateau-de-druon.com\/wp-content\/uploads\/bb-plugin\/cache\/pic-midi-ossau-circle.jpg","contentUrl":"https:\/\/www.chateau-de-druon.com\/wp-content\/uploads\/bb-plugin\/cache\/pic-midi-ossau-circle.jpg"},{"@type":"BreadcrumbList","@id":"https:\/\/www.chateau-de-druon.com\/en\/activities\/#breadcrumb","itemListElement":[{"@type":"ListItem","position":1,"name":"Accueil","item":"https:\/\/www.chateau-de-druon.com\/en\/"},{"@type":"ListItem","position":2,"name":"Activities"}]},{"@type":"WebSite","@id":"https:\/\/www.chateau-de-druon.com\/#website","url":"https:\/\/www.chateau-de-druon.com\/","name":"Ch\u00e2teau De Druon","description":"Chambre d&#039;h\u00f4tes au Ch\u00e2teau | Vall\u00e9e d&#039;Ossau | Pyr\u00e9n\u00e9es-Atlantiques","publisher":{"@id":"https:\/\/www.chateau-de-druon.com\/#organization"},"potentialAction":[{"@type":"SearchAction","target":{"@type":"EntryPoint","urlTemplate":"https:\/\/www.chateau-de-druon.com\/?s={search_term_string}"},"query-input":{"@type":"PropertyValueSpecification","valueRequired":true,"valueName":"search_term_string"}}],"inLanguage":"en-US"},{"@type":"Organization","@id":"https:\/\/www.chateau-de-druon.com\/#organization","name":"Ch\u00e2teau de Druon","url":"https:\/\/www.chateau-de-druon.com\/","logo":{"@type":"ImageObject","inLanguage":"en-US","@id":"https:\/\/www.chateau-de-druon.com\/#\/schema\/logo\/image\/","url":"https:\/\/www.chateau-de-druon.com\/wp-content\/uploads\/2018\/05\/logo-footer.png","contentUrl":"https:\/\/www.chateau-de-druon.com\/wp-content\/uploads\/2018\/05\/logo-footer.png","width":331,"height":248,"caption":"Ch\u00e2teau de Druon"},"image":{"@id":"https:\/\/www.chateau-de-druon.com\/#\/schema\/logo\/image\/"}}]}},"_links":{"self":[{"href":"https:\/\/www.chateau-de-druon.com\/en\/wp-json\/wp\/v2\/pages\/676","targetHints":{"allow":["GET"]}}],"collection":[{"href":"https:\/\/www.chateau-de-druon.com\/en\/wp-json\/wp\/v2\/pages"}],"about":[{"href":"https:\/\/www.chateau-de-druon.com\/en\/wp-json\/wp\/v2\/types\/page"}],"author":[{"embeddable":true,"href":"https:\/\/www.chateau-de-druon.com\/en\/wp-json\/wp\/v2\/users\/1"}],"replies":[{"embeddable":true,"href":"https:\/\/www.chateau-de-druon.com\/en\/wp-json\/wp\/v2\/comments?post=676"}],"version-history":[{"count":2,"href":"https:\/\/www.chateau-de-druon.com\/en\/wp-json\/wp\/v2\/pages\/676\/revisions"}],"predecessor-version":[{"id":1039,"href":"https:\/\/www.chateau-de-druon.com\/en\/wp-json\/wp\/v2\/pages\/676\/revisions\/1039"}],"wp:attachment":[{"href":"https:\/\/www.chateau-de-druon.com\/en\/wp-json\/wp\/v2\/media?parent=676"}],"curies":[{"name":"wp","href":"https:\/\/api.w.org\/{rel}","templated":true}]}}