{"id":648,"date":"2018-11-25T11:39:35","date_gmt":"2018-11-25T10:39:35","guid":{"rendered":"https:\/\/www.chateau-de-druon.com\/the-chateau\/"},"modified":"2018-11-28T18:13:15","modified_gmt":"2018-11-28T17:13:15","slug":"the-chateau","status":"publish","type":"page","link":"https:\/\/www.chateau-de-druon.com\/en\/the-chateau\/","title":{"rendered":"The Ch\u00e2teau"},"content":{"rendered":"<h1>\n\t\tThe Ch\u00e2teau de Druon<br \/>\n\t<\/h1>\n<p>\t\t\t\t<a href=\"https:\/\/www.chateau-de-druon.com\/wp-content\/uploads\/2018\/06\/Chateau-Druon-Salon-9.jpg\" target=\"_self\" itemprop=\"url\"><br \/>\n\t\t\t\t<img loading=\"lazy\" decoding=\"async\" src=\"https:\/\/www.chateau-de-druon.com\/wp-content\/uploads\/2018\/06\/Chateau-Druon-Salon-9-530x425.jpg\" alt=\"Le salon\" itemprop=\"image\" height=\"425\" width=\"530\" title=\"Chateau Druon-Salon-9\"  \/><br \/>\n\t\t\t\t<\/a><\/p>\n<h2>\n\t\tHistory<br \/>\n\t<\/h2>\n<p>of the Ch\u00e2teau de Druon<\/p>\n<p>The construction of the Ch\u00e2teau dates from 1877.<\/p>\n<p>It was built by Fernand Druon, politician born in the north of France.<\/p>\n<p>He was the uncle of Maurice DRUON,\u00a0 french writer, member of the Academie Fran\u00e7aise, Minister of Culture under the presidency of Georges Pompidou, and co-author of the famous &#8220;Chant des Partisans&#8221;, written in 1943, during the second World War with Joseph Kessel.<\/p>\n<p>The Ch\u00e2teau then belonged to various families and associations.<\/p>\n<p>Derelict in the 1980&#8217;s until 2006 when Elisabeth et Gilles RINGENBACH fell in love with this jewel, and decided to buy and totally renovate it until today.<\/p>\n<h2>\n\t\tGeographic location<br \/>\n\t<\/h2>\n<p>of the Ch\u00e2teau de Druon<\/p>\n<p>The Bed and Breakfast Guest House Le Ch\u00e2teau de Druon is situated in S\u00e9vignacq- Meyracq, 64260, lovely village part of the Pyr\u00e9n\u00e9es National Park, , in the B\u00e9arn (Pyr\u00e9n\u00e9es-Atlantiques) , Ossau Valley.<\/p>\n<p>The Ch\u00e2teau overlooks the Route 934 which leads to the Thermal Resorts of Eaux Bonnes and Eaux Chaudes and will take you to different Ski Resorts, Gourette (36 km) and Formigal (58 km), the biggest Spanish ski resort .<\/p>\n<p>The Ch\u00e2teau is 25 km from PAU, 18 km from Oloron Sainte-Marie, 40 km from Lourdes.<\/p>\n<p>The Basque Coast and the Landes beaches are 150 km away, direct with the A64 autoroute.<\/p>\n<p>\t\t\t\t<img loading=\"lazy\" decoding=\"async\" src=\"https:\/\/www.chateau-de-druon.com\/wp-content\/uploads\/2018\/07\/Chateau-Druon-Exterieur-2-bandeau.jpg\" alt=\"Chateau-Druon-Exterieur-2-bandeau\" itemprop=\"image\" height=\"668\" width=\"1997\" title=\"Chateau-Druon-Exterieur-2-bandeau\"  \/><\/p>\n<h2>\n\t\tThe Ch\u00e2teau Park<br \/>\n\t<\/h2>\n<p>The Ch\u00e2teau de Druon is surrounded by a beautiful park of 1,5 hectare with hundred-year-old trees, ancient stones walls and charming bushes continuously in flowers.<\/p>\n<p>A magnifiscent Sequoia, planted in the late 19th century , protects the Ch\u00e2teau and reaches the sky.<\/p>\n<p>The acces to the Park is free and it is highly recommanded for the parents of young children to accompany them while playing in the Park since it is a typical mountain Park with very little flat areas and it can be a bit difficult for youngsters.<\/p>\n<p><h2>\n\t\tBed and Breakfast and Cottage &#8220;la conciergerie&#8221;<br \/>\n\t<\/h2>\n<p>The Ch\u00e2teau is honored to welcome you for a night, a week end or more.<\/p>\n<p>It is also possible to rent the whole Ch\u00e2teau for any special events.<\/p>\n<p>\t\t\t\t\t\t\t\t\t\t\t<!-- Overlay Wrapper --><br \/>\n\t\t\t\t\t\t\t\t\t\tLa salle \u00e0 manger<br \/>\n\t\t\t\t\t\t <!-- Overlay Wrapper Closed --><br \/>\n\t\t\t\t\t\t\t\t\t\t\t<!-- Overlay Wrapper --><br \/>\n\t\t\t\t\t\t\t\t\t\tLe salon<br \/>\n\t\t\t\t\t\t <!-- Overlay Wrapper Closed --><br \/>\n\t\t\t\t\t\t\t\t\t\t\t<!-- Overlay Wrapper --><br \/>\n\t\t\t\t\t\t\t\t\t\tLa salle \u00e0 manger<br \/>\n\t\t\t\t\t\t <!-- Overlay Wrapper Closed --><br \/>\n\t\t\t\t\t\t\t\t\t\t\t<!-- Overlay Wrapper --><br \/>\n\t\t\t\t\t\t\t\t\t\tHall d&#8217;entr\u00e9e<br \/>\n\t\t\t\t\t\t <!-- Overlay Wrapper Closed --><br \/>\n\t\t\t\t\t\t\t\t\t\t\t<!-- Overlay Wrapper --><br \/>\n\t\t\t\t\t\t\t\t\t\tLe ch\u00e2teau de druon<br \/>\n\t\t\t\t\t\t <!-- Overlay Wrapper Closed --><br \/>\n\t\t\t\t\t\t\t\t\t\t\t<!-- Overlay Wrapper --><br \/>\n\t\t\t\t\t\t\t\t\t\tLe salon<br \/>\n\t\t\t\t\t\t <!-- Overlay Wrapper Closed --><br \/>\n\t\t\t\t\t\t\t\t\t\t\t<!-- Overlay Wrapper --><br \/>\n\t\t\t\t\t\t\t\t\t\tLa salle \u00e0 manger<br \/>\n\t\t\t\t\t\t <!-- Overlay Wrapper Closed --><br \/>\n\t\t\t\t\t\t\t\t\t\t\t<!-- Overlay Wrapper --><br \/>\n\t\t\t\t\t\t\t\t\t\tLe salon<br \/>\n\t\t\t\t\t\t <!-- Overlay Wrapper Closed --><br \/>\n\t\t\t\t\t\t\t\t\t\t\t<!-- Overlay Wrapper --><br \/>\n\t\t\t\t\t\t\t\t\t\tLa salle \u00e0 manger<br \/>\n\t\t\t\t\t\t <!-- Overlay Wrapper Closed --><br \/>\n\t\t\t\t\t\t\t\t\t\t\t<!-- Overlay Wrapper --><br \/>\n\t\t\t\t\t\t\t\t\t\tEscalier menant aux chambres<br \/>\n\t\t\t\t\t\t <!-- Overlay Wrapper Closed --><br \/>\n\t\t\t\t\t\t\t\t\t\t\t<!-- Overlay Wrapper --><br \/>\n\t\t\t\t\t\t\t\t\t\tLa salle \u00e0 manger<br \/>\n\t\t\t\t\t\t <!-- Overlay Wrapper Closed --><br \/>\n\t\t\t\t\t\t\t\t<!-- pagination --><br \/>\n\t\t\t<a href=\"https:\/\/www.chateau-de-druon.com\/en\/our-rooms\/\" target=\"_self\" role=\"button\"><br \/>\n\t\t\t\t\t\t\tDiscover our rooms and book your stay online<br \/>\n\t\t\t\t\t<\/a><\/p>\n","protected":false},"excerpt":{"rendered":"<p>The Ch\u00e2teau de Druon History of the Ch\u00e2teau de Druon The construction of the Ch\u00e2teau dates from 1877. It was built by Fernand Druon, politician born in the north of France. He was the uncle of Maurice DRUON,\u00a0 french writer, member of the Academie Fran\u00e7aise, Minister of Culture under the presidency of Georges Pompidou, and&hellip;<\/p>\n","protected":false},"author":1,"featured_media":0,"parent":0,"menu_order":10,"comment_status":"closed","ping_status":"closed","template":"","meta":{"_acf_changed":false,"footnotes":""},"class_list":["post-648","page","type-page","status-publish","hentry"],"acf":[],"yoast_head":"<!-- This site is optimized with the Yoast SEO plugin v27.3 - https:\/\/yoast.com\/product\/yoast-seo-wordpress\/ -->\n<title>Chambres d&#039;h\u00f4tes et g\u00eete au Ch\u00e2teau de Druon \u00e0 S\u00e9vignacq-Meyracq - 64<\/title>\n<meta name=\"description\" content=\"Le ch\u00e2teau vous ouvre ses portes pour passer une ou plusieurs nuits dans ses chambres r\u00e9nov\u00e9es et d\u00e9cor\u00e9es avec le plus grand soin.\" \/>\n<meta name=\"robots\" content=\"index, follow, max-snippet:-1, max-image-preview:large, max-video-preview:-1\" \/>\n<link rel=\"canonical\" href=\"https:\/\/www.chateau-de-druon.com\/en\/the-chateau\/\" \/>\n<meta property=\"og:locale\" content=\"en_US\" \/>\n<meta property=\"og:type\" content=\"article\" \/>\n<meta property=\"og:title\" content=\"Chambres d&#039;h\u00f4tes et g\u00eete au Ch\u00e2teau de Druon \u00e0 S\u00e9vignacq-Meyracq - 64\" \/>\n<meta property=\"og:description\" content=\"Le ch\u00e2teau vous ouvre ses portes pour passer une ou plusieurs nuits dans ses chambres r\u00e9nov\u00e9es et d\u00e9cor\u00e9es avec le plus grand soin.\" \/>\n<meta property=\"og:url\" content=\"https:\/\/www.chateau-de-druon.com\/en\/the-chateau\/\" \/>\n<meta property=\"og:site_name\" content=\"Ch\u00e2teau De Druon\" \/>\n<meta property=\"article:modified_time\" content=\"2018-11-28T17:13:15+00:00\" \/>\n<meta property=\"og:image\" content=\"https:\/\/www.chateau-de-druon.com\/wp-content\/uploads\/2018\/06\/Chateau-Druon-Salon-9-530x425.jpg\" \/>\n<meta name=\"twitter:card\" content=\"summary_large_image\" \/>\n<meta name=\"twitter:label1\" content=\"Est. reading time\" \/>\n\t<meta name=\"twitter:data1\" content=\"2 minutes\" \/>\n<script type=\"application\/ld+json\" class=\"yoast-schema-graph\">{\"@context\":\"https:\\\/\\\/schema.org\",\"@graph\":[{\"@type\":\"WebPage\",\"@id\":\"https:\\\/\\\/www.chateau-de-druon.com\\\/en\\\/the-chateau\\\/\",\"url\":\"https:\\\/\\\/www.chateau-de-druon.com\\\/en\\\/the-chateau\\\/\",\"name\":\"Chambres d'h\u00f4tes et g\u00eete au Ch\u00e2teau de Druon \u00e0 S\u00e9vignacq-Meyracq - 64\",\"isPartOf\":{\"@id\":\"https:\\\/\\\/www.chateau-de-druon.com\\\/#website\"},\"primaryImageOfPage\":{\"@id\":\"https:\\\/\\\/www.chateau-de-druon.com\\\/en\\\/the-chateau\\\/#primaryimage\"},\"image\":{\"@id\":\"https:\\\/\\\/www.chateau-de-druon.com\\\/en\\\/the-chateau\\\/#primaryimage\"},\"thumbnailUrl\":\"https:\\\/\\\/www.chateau-de-druon.com\\\/wp-content\\\/uploads\\\/2018\\\/06\\\/Chateau-Druon-Salon-9-530x425.jpg\",\"datePublished\":\"2018-11-25T10:39:35+00:00\",\"dateModified\":\"2018-11-28T17:13:15+00:00\",\"description\":\"Le ch\u00e2teau vous ouvre ses portes pour passer une ou plusieurs nuits dans ses chambres r\u00e9nov\u00e9es et d\u00e9cor\u00e9es avec le plus grand soin.\",\"breadcrumb\":{\"@id\":\"https:\\\/\\\/www.chateau-de-druon.com\\\/en\\\/the-chateau\\\/#breadcrumb\"},\"inLanguage\":\"en-US\",\"potentialAction\":[{\"@type\":\"ReadAction\",\"target\":[\"https:\\\/\\\/www.chateau-de-druon.com\\\/en\\\/the-chateau\\\/\"]}]},{\"@type\":\"ImageObject\",\"inLanguage\":\"en-US\",\"@id\":\"https:\\\/\\\/www.chateau-de-druon.com\\\/en\\\/the-chateau\\\/#primaryimage\",\"url\":\"https:\\\/\\\/www.chateau-de-druon.com\\\/wp-content\\\/uploads\\\/2018\\\/06\\\/Chateau-Druon-Salon-9-530x425.jpg\",\"contentUrl\":\"https:\\\/\\\/www.chateau-de-druon.com\\\/wp-content\\\/uploads\\\/2018\\\/06\\\/Chateau-Druon-Salon-9-530x425.jpg\"},{\"@type\":\"BreadcrumbList\",\"@id\":\"https:\\\/\\\/www.chateau-de-druon.com\\\/en\\\/the-chateau\\\/#breadcrumb\",\"itemListElement\":[{\"@type\":\"ListItem\",\"position\":1,\"name\":\"Accueil\",\"item\":\"https:\\\/\\\/www.chateau-de-druon.com\\\/en\\\/\"},{\"@type\":\"ListItem\",\"position\":2,\"name\":\"The Ch\u00e2teau\"}]},{\"@type\":\"WebSite\",\"@id\":\"https:\\\/\\\/www.chateau-de-druon.com\\\/#website\",\"url\":\"https:\\\/\\\/www.chateau-de-druon.com\\\/\",\"name\":\"Ch\u00e2teau De Druon\",\"description\":\"Chambre d&#039;h\u00f4tes au Ch\u00e2teau | Vall\u00e9e d&#039;Ossau | Pyr\u00e9n\u00e9es-Atlantiques\",\"publisher\":{\"@id\":\"https:\\\/\\\/www.chateau-de-druon.com\\\/#organization\"},\"potentialAction\":[{\"@type\":\"SearchAction\",\"target\":{\"@type\":\"EntryPoint\",\"urlTemplate\":\"https:\\\/\\\/www.chateau-de-druon.com\\\/?s={search_term_string}\"},\"query-input\":{\"@type\":\"PropertyValueSpecification\",\"valueRequired\":true,\"valueName\":\"search_term_string\"}}],\"inLanguage\":\"en-US\"},{\"@type\":\"Organization\",\"@id\":\"https:\\\/\\\/www.chateau-de-druon.com\\\/#organization\",\"name\":\"Ch\u00e2teau de Druon\",\"url\":\"https:\\\/\\\/www.chateau-de-druon.com\\\/\",\"logo\":{\"@type\":\"ImageObject\",\"inLanguage\":\"en-US\",\"@id\":\"https:\\\/\\\/www.chateau-de-druon.com\\\/#\\\/schema\\\/logo\\\/image\\\/\",\"url\":\"https:\\\/\\\/www.chateau-de-druon.com\\\/wp-content\\\/uploads\\\/2018\\\/05\\\/logo-footer.png\",\"contentUrl\":\"https:\\\/\\\/www.chateau-de-druon.com\\\/wp-content\\\/uploads\\\/2018\\\/05\\\/logo-footer.png\",\"width\":331,\"height\":248,\"caption\":\"Ch\u00e2teau de Druon\"},\"image\":{\"@id\":\"https:\\\/\\\/www.chateau-de-druon.com\\\/#\\\/schema\\\/logo\\\/image\\\/\"}}]}<\/script>\n<!-- \/ Yoast SEO plugin. -->","yoast_head_json":{"title":"Chambres d'h\u00f4tes et g\u00eete au Ch\u00e2teau de Druon \u00e0 S\u00e9vignacq-Meyracq - 64","description":"Le ch\u00e2teau vous ouvre ses portes pour passer une ou plusieurs nuits dans ses chambres r\u00e9nov\u00e9es et d\u00e9cor\u00e9es avec le plus grand soin.","robots":{"index":"index","follow":"follow","max-snippet":"max-snippet:-1","max-image-preview":"max-image-preview:large","max-video-preview":"max-video-preview:-1"},"canonical":"https:\/\/www.chateau-de-druon.com\/en\/the-chateau\/","og_locale":"en_US","og_type":"article","og_title":"Chambres d'h\u00f4tes et g\u00eete au Ch\u00e2teau de Druon \u00e0 S\u00e9vignacq-Meyracq - 64","og_description":"Le ch\u00e2teau vous ouvre ses portes pour passer une ou plusieurs nuits dans ses chambres r\u00e9nov\u00e9es et d\u00e9cor\u00e9es avec le plus grand soin.","og_url":"https:\/\/www.chateau-de-druon.com\/en\/the-chateau\/","og_site_name":"Ch\u00e2teau De Druon","article_modified_time":"2018-11-28T17:13:15+00:00","og_image":[{"url":"https:\/\/www.chateau-de-druon.com\/wp-content\/uploads\/2018\/06\/Chateau-Druon-Salon-9-530x425.jpg","type":"","width":"","height":""}],"twitter_card":"summary_large_image","twitter_misc":{"Est. reading time":"2 minutes"},"schema":{"@context":"https:\/\/schema.org","@graph":[{"@type":"WebPage","@id":"https:\/\/www.chateau-de-druon.com\/en\/the-chateau\/","url":"https:\/\/www.chateau-de-druon.com\/en\/the-chateau\/","name":"Chambres d'h\u00f4tes et g\u00eete au Ch\u00e2teau de Druon \u00e0 S\u00e9vignacq-Meyracq - 64","isPartOf":{"@id":"https:\/\/www.chateau-de-druon.com\/#website"},"primaryImageOfPage":{"@id":"https:\/\/www.chateau-de-druon.com\/en\/the-chateau\/#primaryimage"},"image":{"@id":"https:\/\/www.chateau-de-druon.com\/en\/the-chateau\/#primaryimage"},"thumbnailUrl":"https:\/\/www.chateau-de-druon.com\/wp-content\/uploads\/2018\/06\/Chateau-Druon-Salon-9-530x425.jpg","datePublished":"2018-11-25T10:39:35+00:00","dateModified":"2018-11-28T17:13:15+00:00","description":"Le ch\u00e2teau vous ouvre ses portes pour passer une ou plusieurs nuits dans ses chambres r\u00e9nov\u00e9es et d\u00e9cor\u00e9es avec le plus grand soin.","breadcrumb":{"@id":"https:\/\/www.chateau-de-druon.com\/en\/the-chateau\/#breadcrumb"},"inLanguage":"en-US","potentialAction":[{"@type":"ReadAction","target":["https:\/\/www.chateau-de-druon.com\/en\/the-chateau\/"]}]},{"@type":"ImageObject","inLanguage":"en-US","@id":"https:\/\/www.chateau-de-druon.com\/en\/the-chateau\/#primaryimage","url":"https:\/\/www.chateau-de-druon.com\/wp-content\/uploads\/2018\/06\/Chateau-Druon-Salon-9-530x425.jpg","contentUrl":"https:\/\/www.chateau-de-druon.com\/wp-content\/uploads\/2018\/06\/Chateau-Druon-Salon-9-530x425.jpg"},{"@type":"BreadcrumbList","@id":"https:\/\/www.chateau-de-druon.com\/en\/the-chateau\/#breadcrumb","itemListElement":[{"@type":"ListItem","position":1,"name":"Accueil","item":"https:\/\/www.chateau-de-druon.com\/en\/"},{"@type":"ListItem","position":2,"name":"The Ch\u00e2teau"}]},{"@type":"WebSite","@id":"https:\/\/www.chateau-de-druon.com\/#website","url":"https:\/\/www.chateau-de-druon.com\/","name":"Ch\u00e2teau De Druon","description":"Chambre d&#039;h\u00f4tes au Ch\u00e2teau | Vall\u00e9e d&#039;Ossau | Pyr\u00e9n\u00e9es-Atlantiques","publisher":{"@id":"https:\/\/www.chateau-de-druon.com\/#organization"},"potentialAction":[{"@type":"SearchAction","target":{"@type":"EntryPoint","urlTemplate":"https:\/\/www.chateau-de-druon.com\/?s={search_term_string}"},"query-input":{"@type":"PropertyValueSpecification","valueRequired":true,"valueName":"search_term_string"}}],"inLanguage":"en-US"},{"@type":"Organization","@id":"https:\/\/www.chateau-de-druon.com\/#organization","name":"Ch\u00e2teau de Druon","url":"https:\/\/www.chateau-de-druon.com\/","logo":{"@type":"ImageObject","inLanguage":"en-US","@id":"https:\/\/www.chateau-de-druon.com\/#\/schema\/logo\/image\/","url":"https:\/\/www.chateau-de-druon.com\/wp-content\/uploads\/2018\/05\/logo-footer.png","contentUrl":"https:\/\/www.chateau-de-druon.com\/wp-content\/uploads\/2018\/05\/logo-footer.png","width":331,"height":248,"caption":"Ch\u00e2teau de Druon"},"image":{"@id":"https:\/\/www.chateau-de-druon.com\/#\/schema\/logo\/image\/"}}]}},"_links":{"self":[{"href":"https:\/\/www.chateau-de-druon.com\/en\/wp-json\/wp\/v2\/pages\/648","targetHints":{"allow":["GET"]}}],"collection":[{"href":"https:\/\/www.chateau-de-druon.com\/en\/wp-json\/wp\/v2\/pages"}],"about":[{"href":"https:\/\/www.chateau-de-druon.com\/en\/wp-json\/wp\/v2\/types\/page"}],"author":[{"embeddable":true,"href":"https:\/\/www.chateau-de-druon.com\/en\/wp-json\/wp\/v2\/users\/1"}],"replies":[{"embeddable":true,"href":"https:\/\/www.chateau-de-druon.com\/en\/wp-json\/wp\/v2\/comments?post=648"}],"version-history":[{"count":2,"href":"https:\/\/www.chateau-de-druon.com\/en\/wp-json\/wp\/v2\/pages\/648\/revisions"}],"predecessor-version":[{"id":876,"href":"https:\/\/www.chateau-de-druon.com\/en\/wp-json\/wp\/v2\/pages\/648\/revisions\/876"}],"wp:attachment":[{"href":"https:\/\/www.chateau-de-druon.com\/en\/wp-json\/wp\/v2\/media?parent=648"}],"curies":[{"name":"wp","href":"https:\/\/api.w.org\/{rel}","templated":true}]}}