{"id":538,"date":"2018-11-14T10:39:10","date_gmt":"2018-11-14T09:39:10","guid":{"rendered":"https:\/\/www.chateau-de-druon.com\/shop\/"},"modified":"2018-11-14T12:46:48","modified_gmt":"2018-11-14T11:46:48","slug":"booking","status":"publish","type":"page","link":"https:\/\/www.chateau-de-druon.com\/en\/booking\/","title":{"rendered":"Booking"},"content":{"rendered":"","protected":false},"excerpt":{"rendered":"","protected":false},"author":1,"featured_media":0,"parent":0,"menu_order":50,"comment_status":"closed","ping_status":"closed","template":"","meta":{"_acf_changed":false,"footnotes":""},"class_list":["post-538","page","type-page","status-publish","hentry"],"acf":[],"yoast_head":"<!-- This site is optimized with the Yoast SEO plugin v27.4 - https:\/\/yoast.com\/product\/yoast-seo-wordpress\/ -->\n<title>R\u00e9servez votre s\u00e9jour en chambres d&#039;h\u00f4tes au Ch\u00e2teau de Druon - 64<\/title>\n<meta name=\"description\" content=\"Venez profiter d&#039;ne nuit ou d&#039;un week-end de d\u00e9tente dans nos chambres de luxe au Ch\u00e2teau, pr\u00e8s de Pau et des stations de ski, dans les Pyr\u00e9n\u00e9es-Atlantiques\" \/>\n<meta name=\"robots\" content=\"index, follow, max-snippet:-1, max-image-preview:large, max-video-preview:-1\" \/>\n<link rel=\"canonical\" href=\"https:\/\/www.chateau-de-druon.com\/en\/booking\/\" \/>\n<meta property=\"og:locale\" content=\"en_US\" \/>\n<meta property=\"og:type\" content=\"article\" \/>\n<meta property=\"og:title\" content=\"R\u00e9servez votre s\u00e9jour en chambres d&#039;h\u00f4tes au Ch\u00e2teau de Druon - 64\" \/>\n<meta property=\"og:description\" content=\"Venez profiter d&#039;ne nuit ou d&#039;un week-end de d\u00e9tente dans nos chambres de luxe au Ch\u00e2teau, pr\u00e8s de Pau et des stations de ski, dans les Pyr\u00e9n\u00e9es-Atlantiques\" \/>\n<meta property=\"og:url\" content=\"https:\/\/www.chateau-de-druon.com\/en\/booking\/\" \/>\n<meta property=\"og:site_name\" content=\"Ch\u00e2teau De Druon\" \/>\n<meta property=\"article:modified_time\" content=\"2018-11-14T11:46:48+00:00\" \/>\n<meta name=\"twitter:card\" content=\"summary_large_image\" \/>\n<script type=\"application\/ld+json\" class=\"yoast-schema-graph\">{\"@context\":\"https:\\\/\\\/schema.org\",\"@graph\":[{\"@type\":\"WebPage\",\"@id\":\"https:\\\/\\\/www.chateau-de-druon.com\\\/en\\\/booking\\\/\",\"url\":\"https:\\\/\\\/www.chateau-de-druon.com\\\/en\\\/booking\\\/\",\"name\":\"R\u00e9servez votre s\u00e9jour en chambres d'h\u00f4tes au Ch\u00e2teau de Druon - 64\",\"isPartOf\":{\"@id\":\"https:\\\/\\\/www.chateau-de-druon.com\\\/#website\"},\"datePublished\":\"2018-11-14T09:39:10+00:00\",\"dateModified\":\"2018-11-14T11:46:48+00:00\",\"description\":\"Venez profiter d'ne nuit ou d'un week-end de d\u00e9tente dans nos chambres de luxe au Ch\u00e2teau, pr\u00e8s de Pau et des stations de ski, dans les Pyr\u00e9n\u00e9es-Atlantiques\",\"breadcrumb\":{\"@id\":\"https:\\\/\\\/www.chateau-de-druon.com\\\/en\\\/booking\\\/#breadcrumb\"},\"inLanguage\":\"en-US\",\"potentialAction\":[{\"@type\":\"ReadAction\",\"target\":[\"https:\\\/\\\/www.chateau-de-druon.com\\\/en\\\/booking\\\/\"]}]},{\"@type\":\"BreadcrumbList\",\"@id\":\"https:\\\/\\\/www.chateau-de-druon.com\\\/en\\\/booking\\\/#breadcrumb\",\"itemListElement\":[{\"@type\":\"ListItem\",\"position\":1,\"name\":\"Accueil\",\"item\":\"https:\\\/\\\/www.chateau-de-druon.com\\\/en\\\/\"},{\"@type\":\"ListItem\",\"position\":2,\"name\":\"Booking\"}]},{\"@type\":\"WebSite\",\"@id\":\"https:\\\/\\\/www.chateau-de-druon.com\\\/#website\",\"url\":\"https:\\\/\\\/www.chateau-de-druon.com\\\/\",\"name\":\"Ch\u00e2teau De Druon\",\"description\":\"Chambre d&#039;h\u00f4tes au Ch\u00e2teau | Vall\u00e9e d&#039;Ossau | Pyr\u00e9n\u00e9es-Atlantiques\",\"publisher\":{\"@id\":\"https:\\\/\\\/www.chateau-de-druon.com\\\/#organization\"},\"potentialAction\":[{\"@type\":\"SearchAction\",\"target\":{\"@type\":\"EntryPoint\",\"urlTemplate\":\"https:\\\/\\\/www.chateau-de-druon.com\\\/?s={search_term_string}\"},\"query-input\":{\"@type\":\"PropertyValueSpecification\",\"valueRequired\":true,\"valueName\":\"search_term_string\"}}],\"inLanguage\":\"en-US\"},{\"@type\":\"Organization\",\"@id\":\"https:\\\/\\\/www.chateau-de-druon.com\\\/#organization\",\"name\":\"Ch\u00e2teau de Druon\",\"url\":\"https:\\\/\\\/www.chateau-de-druon.com\\\/\",\"logo\":{\"@type\":\"ImageObject\",\"inLanguage\":\"en-US\",\"@id\":\"https:\\\/\\\/www.chateau-de-druon.com\\\/#\\\/schema\\\/logo\\\/image\\\/\",\"url\":\"https:\\\/\\\/www.chateau-de-druon.com\\\/wp-content\\\/uploads\\\/2018\\\/05\\\/logo-footer.png\",\"contentUrl\":\"https:\\\/\\\/www.chateau-de-druon.com\\\/wp-content\\\/uploads\\\/2018\\\/05\\\/logo-footer.png\",\"width\":331,\"height\":248,\"caption\":\"Ch\u00e2teau de Druon\"},\"image\":{\"@id\":\"https:\\\/\\\/www.chateau-de-druon.com\\\/#\\\/schema\\\/logo\\\/image\\\/\"}}]}<\/script>\n<!-- \/ Yoast SEO plugin. -->","yoast_head_json":{"title":"R\u00e9servez votre s\u00e9jour en chambres d'h\u00f4tes au Ch\u00e2teau de Druon - 64","description":"Venez profiter d'ne nuit ou d'un week-end de d\u00e9tente dans nos chambres de luxe au Ch\u00e2teau, pr\u00e8s de Pau et des stations de ski, dans les Pyr\u00e9n\u00e9es-Atlantiques","robots":{"index":"index","follow":"follow","max-snippet":"max-snippet:-1","max-image-preview":"max-image-preview:large","max-video-preview":"max-video-preview:-1"},"canonical":"https:\/\/www.chateau-de-druon.com\/en\/booking\/","og_locale":"en_US","og_type":"article","og_title":"R\u00e9servez votre s\u00e9jour en chambres d'h\u00f4tes au Ch\u00e2teau de Druon - 64","og_description":"Venez profiter d'ne nuit ou d'un week-end de d\u00e9tente dans nos chambres de luxe au Ch\u00e2teau, pr\u00e8s de Pau et des stations de ski, dans les Pyr\u00e9n\u00e9es-Atlantiques","og_url":"https:\/\/www.chateau-de-druon.com\/en\/booking\/","og_site_name":"Ch\u00e2teau De Druon","article_modified_time":"2018-11-14T11:46:48+00:00","twitter_card":"summary_large_image","schema":{"@context":"https:\/\/schema.org","@graph":[{"@type":"WebPage","@id":"https:\/\/www.chateau-de-druon.com\/en\/booking\/","url":"https:\/\/www.chateau-de-druon.com\/en\/booking\/","name":"R\u00e9servez votre s\u00e9jour en chambres d'h\u00f4tes au Ch\u00e2teau de Druon - 64","isPartOf":{"@id":"https:\/\/www.chateau-de-druon.com\/#website"},"datePublished":"2018-11-14T09:39:10+00:00","dateModified":"2018-11-14T11:46:48+00:00","description":"Venez profiter d'ne nuit ou d'un week-end de d\u00e9tente dans nos chambres de luxe au Ch\u00e2teau, pr\u00e8s de Pau et des stations de ski, dans les Pyr\u00e9n\u00e9es-Atlantiques","breadcrumb":{"@id":"https:\/\/www.chateau-de-druon.com\/en\/booking\/#breadcrumb"},"inLanguage":"en-US","potentialAction":[{"@type":"ReadAction","target":["https:\/\/www.chateau-de-druon.com\/en\/booking\/"]}]},{"@type":"BreadcrumbList","@id":"https:\/\/www.chateau-de-druon.com\/en\/booking\/#breadcrumb","itemListElement":[{"@type":"ListItem","position":1,"name":"Accueil","item":"https:\/\/www.chateau-de-druon.com\/en\/"},{"@type":"ListItem","position":2,"name":"Booking"}]},{"@type":"WebSite","@id":"https:\/\/www.chateau-de-druon.com\/#website","url":"https:\/\/www.chateau-de-druon.com\/","name":"Ch\u00e2teau De Druon","description":"Chambre d&#039;h\u00f4tes au Ch\u00e2teau | Vall\u00e9e d&#039;Ossau | Pyr\u00e9n\u00e9es-Atlantiques","publisher":{"@id":"https:\/\/www.chateau-de-druon.com\/#organization"},"potentialAction":[{"@type":"SearchAction","target":{"@type":"EntryPoint","urlTemplate":"https:\/\/www.chateau-de-druon.com\/?s={search_term_string}"},"query-input":{"@type":"PropertyValueSpecification","valueRequired":true,"valueName":"search_term_string"}}],"inLanguage":"en-US"},{"@type":"Organization","@id":"https:\/\/www.chateau-de-druon.com\/#organization","name":"Ch\u00e2teau de Druon","url":"https:\/\/www.chateau-de-druon.com\/","logo":{"@type":"ImageObject","inLanguage":"en-US","@id":"https:\/\/www.chateau-de-druon.com\/#\/schema\/logo\/image\/","url":"https:\/\/www.chateau-de-druon.com\/wp-content\/uploads\/2018\/05\/logo-footer.png","contentUrl":"https:\/\/www.chateau-de-druon.com\/wp-content\/uploads\/2018\/05\/logo-footer.png","width":331,"height":248,"caption":"Ch\u00e2teau de Druon"},"image":{"@id":"https:\/\/www.chateau-de-druon.com\/#\/schema\/logo\/image\/"}}]}},"_links":{"self":[{"href":"https:\/\/www.chateau-de-druon.com\/en\/wp-json\/wp\/v2\/pages\/538","targetHints":{"allow":["GET"]}}],"collection":[{"href":"https:\/\/www.chateau-de-druon.com\/en\/wp-json\/wp\/v2\/pages"}],"about":[{"href":"https:\/\/www.chateau-de-druon.com\/en\/wp-json\/wp\/v2\/types\/page"}],"author":[{"embeddable":true,"href":"https:\/\/www.chateau-de-druon.com\/en\/wp-json\/wp\/v2\/users\/1"}],"replies":[{"embeddable":true,"href":"https:\/\/www.chateau-de-druon.com\/en\/wp-json\/wp\/v2\/comments?post=538"}],"version-history":[{"count":2,"href":"https:\/\/www.chateau-de-druon.com\/en\/wp-json\/wp\/v2\/pages\/538\/revisions"}],"predecessor-version":[{"id":555,"href":"https:\/\/www.chateau-de-druon.com\/en\/wp-json\/wp\/v2\/pages\/538\/revisions\/555"}],"wp:attachment":[{"href":"https:\/\/www.chateau-de-druon.com\/en\/wp-json\/wp\/v2\/media?parent=538"}],"curies":[{"name":"wp","href":"https:\/\/api.w.org\/{rel}","templated":true}]}}